{"id":1906,"date":"2021-02-15T00:57:17","date_gmt":"2021-02-14T21:57:17","guid":{"rendered":"http:\/\/www.vitamineonline.md\/?post_type=product&#038;p=1906"},"modified":"2026-04-21T21:22:23","modified_gmt":"2026-04-21T18:22:23","slug":"cink-citrat-cinka-zinc-citrate-15-mg-120-kapsul","status":"publish","type":"product","link":"https:\/\/www.vitamineonline.md\/ro\/product\/cink-citrat-cinka-zinc-citrate-15-mg-120-kapsul\/","title":{"rendered":"Citrat de zinc 15mg &#8211; 120 capsule vegane"},"content":{"rendered":"<p><\/p>\n<h3><strong>Compus<\/strong><\/h3>\n<table>\n<tbody>\n<tr>\n<td><b>O capsul\u0103 ofer\u0103:<\/b><\/td>\n<td><\/td>\n<td><b>RI%<\/b><\/td>\n<\/tr>\n<tr>\n<td>Alfalfa<\/td>\n<td>70mg<\/td>\n<td>&#8211;<\/td>\n<\/tr>\n<tr>\n<td>Zinc (citrat)<\/td>\n<td>15mg<\/td>\n<td>150<\/td>\n<\/tr>\n<tr>\n<td>\u00cenveli\u0219ul capsulei:<br \/>\nHidroxipropilmetilceluloz\u0103<\/td>\n<td>40mg<\/td>\n<td>&#8211;<\/td>\n<\/tr>\n<\/tbody>\n<\/table>\n<h3><strong>Instruc\u021biuni:\u00a0<\/strong><\/h3>\n<p>Lua\u021bi o capsul\u0103 zilnic cu o mas\u0103 sau conform indica\u021biilor unui profesionist din domeniul s\u0103n\u0103t\u0103\u021bii.<\/p>\n<h3>SUPLIMENT DE CITRAT DE ZINC<\/h3>\n<p>Supliment de zinc care ofer\u0103 15 mg de zinc elementar sub form\u0103 de citrat de zinc, o form\u0103 de zinc cu biodisponibilitate ridicat\u0103, care sus\u021bine s\u0103n\u0103tatea sistemului imunitar, s\u0103n\u0103tatea pielii, p\u0103rului \u0219i unghiilor \u0219i echilibrul hormonal.<\/p>\n<hr \/>\n<h3>DE CE S\u0102 ALEGI CITRATUL DE ZINC?<\/h3>\n<p>Citratul de zinc este o form\u0103 chelat\u0103 a mineralului. Mineralele chelate se formeaz\u0103 atunci c\u00e2nd mineralele sunt combinate cu aminoacizi pentru a forma un complex care poate fi mai u\u0219or digerat \u0219i asimilat de organism. Acest lucru creeaz\u0103 un amestec de suplimente de zinc care poate fi absorbit mai u\u0219or \u00een organism \u00een compara\u021bie cu alte forme, cum ar fi oxidul de zinc.<\/p>\n<hr \/>\n<h3>CE ESTE ZINCUL?<\/h3>\n<p>Zincul lucreaz\u0103 \u00eempreun\u0103 cu organismul, supraveghind fluxul eficient al proceselor \u0219i men\u021binerea anumitor sisteme ale corpului.<\/p>\n<hr \/>\n<h3>CE FACE ZINCUL?<\/h3>\n<p>Zincul contribuie la o diet\u0103 s\u0103n\u0103toas\u0103 \u00een multe feluri. Zincul contribuie la men\u021binerea s\u0103n\u0103t\u0103\u021bii oaselor, vederii, p\u0103rului, pielii, unghiilor \u0219i a nivelului normal de testosteron din s\u00e2nge. De asemenea, zincul contribuie la func\u021bionarea normal\u0103 a sistemului imunitar \u0219i la protejarea celulelor \u00eempotriva stresului oxidativ. Zincul joac\u0103, de asemenea, un rol \u00een fertilitatea \u0219i reproducerea normal\u0103.<\/p>\n<hr \/>\n<h3>POTRIVIT PENTRU VEGANI<\/h3>\n<p>Acest supliment este potrivit pentru vegani. Este, de asemenea, aprobat kosher \u0219i nu con\u021bine alergeni majori.<\/p>\n<h3>Sfaturi despre produse<\/h3>\n<p>Nu dep\u0103\u0219i doza recomandat\u0103 indicat\u0103. Un supliment alimentar nu ar trebui folosit ca substitut pentru o diet\u0103 variat\u0103 \u0219i echilibrat\u0103 \u0219i un stil de via\u021b\u0103 s\u0103n\u0103tos. P\u0103streaz\u0103-le \u00eentr-un loc r\u0103coros \u0219i uscat, departe de raza \u0219i raza vizual\u0103 a copiilor mici.<\/p>","protected":false},"excerpt":{"rendered":"<ul>\n<li>Form\u0103 de picolinat, cu absorb\u021bie ridicat\u0103<\/li>\n<li>Metabolismul macronutrien\u021bilor<\/li>\n<li>Contribuie la sinteza normal\u0103 a ADN-ului.<\/li>\n<li>Contribuie la echilibrul acido-bazic normal, la metabolismul carbohidra\u021bilor, acizilor gra\u0219i \u0219i macronutrien\u021bilor.<\/li>\n<li>Promoveaz\u0103 metabolismul \u0219i absorb\u021bia vitaminei A.<\/li>\n<li>\u00cembun\u0103t\u0103\u021be\u0219te func\u021bia cognitiv\u0103.<\/li>\n<li>Cre\u0219te motilitatea spermatozoizilor.<\/li>\n<li>\u00cembun\u0103t\u0103\u021be\u0219te sinteza proteinelor.<\/li>\n<li>Contribuie la men\u021binerea s\u0103n\u0103t\u0103\u021bii oaselor.<\/li>\n<li>Contribuie la men\u021binerea vederii, p\u0103rului, pielii \u0219i unghiilor normale.<\/li>\n<li>Contribuie la men\u021binerea nivelului normal de testosteron \u00een s\u00e2nge.<\/li>\n<li>Contribuie la func\u021bionarea normal\u0103 a sistemului imunitar.<\/li>\n<li>Ajut\u0103 la protejarea celulelor de stresul oxidativ.<\/li>\n<li>Joac\u0103 un rol important \u00een procesul de diviziune celular\u0103.<\/li>\n<\/ul>\n","protected":false},"featured_media":3936,"comment_status":"open","ping_status":"closed","template":"","meta":[],"product_brand":[],"product_cat":[65,68,66,60],"product_tag":[],"class_list":{"0":"post-1906","1":"product","2":"type-product","3":"status-publish","4":"has-post-thumbnail","6":"product_cat-minerals","7":"product_cat-best-sellers","8":"product_cat-health-concerns","9":"product_cat-superfoods","11":"first","12":"instock","13":"taxable","14":"shipping-taxable","15":"purchasable","16":"product-type-simple"},"aioseo_notices":[],"_links":{"self":[{"href":"https:\/\/www.vitamineonline.md\/ro\/wp-json\/wp\/v2\/product\/1906","targetHints":{"allow":["GET"]}}],"collection":[{"href":"https:\/\/www.vitamineonline.md\/ro\/wp-json\/wp\/v2\/product"}],"about":[{"href":"https:\/\/www.vitamineonline.md\/ro\/wp-json\/wp\/v2\/types\/product"}],"replies":[{"embeddable":true,"href":"https:\/\/www.vitamineonline.md\/ro\/wp-json\/wp\/v2\/comments?post=1906"}],"wp:featuredmedia":[{"embeddable":true,"href":"https:\/\/www.vitamineonline.md\/ro\/wp-json\/wp\/v2\/media\/3936"}],"wp:attachment":[{"href":"https:\/\/www.vitamineonline.md\/ro\/wp-json\/wp\/v2\/media?parent=1906"}],"wp:term":[{"taxonomy":"product_brand","embeddable":true,"href":"https:\/\/www.vitamineonline.md\/ro\/wp-json\/wp\/v2\/product_brand?post=1906"},{"taxonomy":"product_cat","embeddable":true,"href":"https:\/\/www.vitamineonline.md\/ro\/wp-json\/wp\/v2\/product_cat?post=1906"},{"taxonomy":"product_tag","embeddable":true,"href":"https:\/\/www.vitamineonline.md\/ro\/wp-json\/wp\/v2\/product_tag?post=1906"}],"curies":[{"name":"wp","href":"https:\/\/api.w.org\/{rel}","templated":true}]}}