{"id":1780,"date":"2020-12-20T02:03:17","date_gmt":"2020-12-19T23:03:17","guid":{"rendered":"http:\/\/www.vitamineonline.md\/?post_type=product&#038;p=1780"},"modified":"2026-04-21T21:23:14","modified_gmt":"2026-04-21T18:23:14","slug":"vitamin-b3-niacin-100-mg-120-kapsul","status":"publish","type":"product","link":"https:\/\/www.vitamineonline.md\/ro\/product\/vitamin-b3-niacin-100-mg-120-kapsul\/","title":{"rendered":"Vitamin B3 Niacin 100mg &#8211; 120 Vegan Capsules"},"content":{"rendered":"<p><\/p>\n<div class=\"item_label\">\n<h3><span class=\"\">Compozi\u0163ie<\/span><\/h3>\n<p>Fiecare capsul\u0103 con\u021bine:<\/p>\n<table>\n<tbody>\n<tr>\n<th>Numele substan\u021bei<\/th>\n<th class=\"r\">Con\u0163inut<\/th>\n<\/tr>\n<tr>\n<td>Acid nicotinic pur (niacina)<\/td>\n<td class=\"r\">100 mg<\/td>\n<\/tr>\n<tr>\n<td>Ingrediente suplimentare:<\/td>\n<td class=\"r\"><\/td>\n<\/tr>\n<tr>\n<td>Lucern\u0103<\/td>\n<td class=\"r\">30 mg<\/td>\n<\/tr>\n<tr>\n<td class=\"table_br\">Celuloza vegetala (capsula)<\/td>\n<td class=\"table_br_r\">40 mg<\/td>\n<\/tr>\n<tr>\n<td class=\"table_br\" colspan=\"2\">Not\u0103: Acidul nicotinic poate provoca o senza\u021bie de c\u0103ldur\u0103, care dispare destul de repede. Apa potabil\u0103 reduce acest efect. O alternativ\u0103 la medicament este produsul nostru B3 Nicotinamide, care nu provoac\u0103 aceast\u0103 senza\u021bie.<\/td>\n<\/tr>\n<\/tbody>\n<\/table>\n<p class=\"stamp\"><img loading=\"lazy\" decoding=\"async\" src=\"https:\/\/gofenice.live\/gandg\/img\/cms\/Media\/quality_ru.png\" alt=\"\" width=\"180\" height=\"85\" \/><strong>Mod de administrare:<\/strong> Lua\u021bi 1 capsul\u0103 pe zi cu o mas\u0103 principal\u0103 sau conform recomand\u0103rilor unui profesionist din domeniul s\u0103n\u0103t\u0103\u021bii. Nu lua\u021bi niciodat\u0103 pe stomacul gol.<\/p>\n<\/div>\n<div>\n<p>Vitamina B3 Niacina este o vitamina din grupa B \u0219i este niacin\u0103 pur\u0103 \u00eentr-o capsul\u0103 Trufil\u2122.<\/p>\n<p>Niacina\u00a0sus\u021bine func\u021bia sistemului nervos.<\/p>\n<p>Particip\u0103 la producerea acidului clorhidric pentru sistemul digestiv \u0219i la metabolismul gr\u0103similor, proteinelor \u0219i carbohidra\u021bilor.<\/p>\n<p>Niacina \u00eembun\u0103t\u0103\u021be\u0219te circula\u021bia s\u00e2ngelui \u0219i scade nivelul de colesterol.<\/p>\n<p>CE FACE O VITAMIN\u0102?<br \/>\nVitamina B3\u00a0contribuie la metabolismul normal<br \/>\nVitamina B3 ajut\u0103 la reducerea oboselii<br \/>\nVitamina B3\u00a0contribuie la func\u021bionarea normal\u0103 a sistemului nervos<br \/>\nVitamina B3\u00a0contribuie la func\u021bia psihologic\u0103 normal\u0103<br \/>\nVitamina B3\u00a0contribuie la men\u021binerea pielii normale<br \/>\nVitamina B3\u00a0contribuie la men\u021binerea membranelor mucoase normale<\/p>\n<p>Avertizare:<\/p>\n<p>Persoanele care au disfunc\u021bie hepatic\u0103 sau boal\u0103 hepatic\u0103, diabet zaharat, boal\u0103 activ\u0103 de ulcer peptic, gut\u0103, aritmie cardiac\u0103, dureri de cap, migrene \u0219i alcoolism pot fi deosebit de susceptibile la efectele niacinei.<\/p>\n<p>Nu dep\u0103\u0219i\u021bi doza recomandat\u0103 men\u021bionat\u0103.<br \/>\nSuplimentul alimentar nu trebuie utilizat ca \u00eenlocuitor al unei alimenta\u021bii variate \u0219i echilibrate \u0219i al unui stil de via\u021b\u0103 s\u0103n\u0103tos.<br \/>\nA se p\u0103stra \u00eentr-un loc r\u0103coros, uscat, la \u00eendem\u00e2na copiilor.<\/p>\n<p>Nu con\u021bine: OMG-uri, gluten, gr\u00e2u, lactoz\u0103, zaharuri ad\u0103ugate, conservan\u021bi sau coloran\u021bi artificiali<br \/>\nPotrivit pentru vegetarieni \u0219i vegani<\/p>\n<\/div>\n<p><\/p>","protected":false},"excerpt":{"rendered":"<ul>\n<li>\u00cembun\u0103t\u0103\u021be\u0219te metabolismul, reduce oboseala<\/li>\n<li>Sprijin\u0103 sistemul nervos \u0219i func\u021biile psihologice<\/li>\n<li>Particip\u0103 la procesul de digestie<\/li>\n<li>\u00cembun\u0103t\u0103\u021be\u0219te circula\u021bia s\u00e2ngelui, reduce nivelul de colesterol<\/li>\n<li>Men\u021bine starea normal\u0103 a pielii \u0219i a mucoaselor<\/li>\n<\/ul>\n","protected":false},"featured_media":3531,"comment_status":"open","ping_status":"closed","template":"","meta":[],"product_brand":[],"product_cat":[101,61,64,66,60],"product_tag":[],"class_list":{"0":"post-1780","1":"product","2":"type-product","3":"status-publish","4":"has-post-thumbnail","6":"product_cat-vitamin-b","7":"product_cat-vegan-supplements","8":"product_cat-vitamins","9":"product_cat-health-concerns","10":"product_cat-superfoods","12":"first","13":"instock","14":"taxable","15":"shipping-taxable","16":"purchasable","17":"product-type-simple"},"aioseo_notices":[],"_links":{"self":[{"href":"https:\/\/www.vitamineonline.md\/ro\/wp-json\/wp\/v2\/product\/1780","targetHints":{"allow":["GET"]}}],"collection":[{"href":"https:\/\/www.vitamineonline.md\/ro\/wp-json\/wp\/v2\/product"}],"about":[{"href":"https:\/\/www.vitamineonline.md\/ro\/wp-json\/wp\/v2\/types\/product"}],"replies":[{"embeddable":true,"href":"https:\/\/www.vitamineonline.md\/ro\/wp-json\/wp\/v2\/comments?post=1780"}],"wp:featuredmedia":[{"embeddable":true,"href":"https:\/\/www.vitamineonline.md\/ro\/wp-json\/wp\/v2\/media\/3531"}],"wp:attachment":[{"href":"https:\/\/www.vitamineonline.md\/ro\/wp-json\/wp\/v2\/media?parent=1780"}],"wp:term":[{"taxonomy":"product_brand","embeddable":true,"href":"https:\/\/www.vitamineonline.md\/ro\/wp-json\/wp\/v2\/product_brand?post=1780"},{"taxonomy":"product_cat","embeddable":true,"href":"https:\/\/www.vitamineonline.md\/ro\/wp-json\/wp\/v2\/product_cat?post=1780"},{"taxonomy":"product_tag","embeddable":true,"href":"https:\/\/www.vitamineonline.md\/ro\/wp-json\/wp\/v2\/product_tag?post=1780"}],"curies":[{"name":"wp","href":"https:\/\/api.w.org\/{rel}","templated":true}]}}