{"id":1772,"date":"2020-12-20T01:39:20","date_gmt":"2020-12-19T22:39:20","guid":{"rendered":"http:\/\/www.vitamineonline.md\/?post_type=product&#038;p=1772"},"modified":"2026-04-21T21:23:48","modified_gmt":"2026-04-21T18:23:48","slug":"cink-i-med-zinc-copper-60-kapsul","status":"publish","type":"product","link":"https:\/\/www.vitamineonline.md\/ro\/product\/cink-i-med-zinc-copper-60-kapsul\/","title":{"rendered":"Zinc &amp; Cupru &#8211; 60 capsule"},"content":{"rendered":"<p><\/p>\n<div class=\"item_label\">\n<h3><strong>Ingrediente<\/strong><\/h3>\n<p>Fiecare capsul\u0103 con\u021bine:<\/p>\n<table>\n<tbody>\n<tr>\n<td><b>O capsul\u0103 ofer\u0103:<\/b><\/td>\n<td><\/td>\n<td><b>RI%<\/b><\/td>\n<\/tr>\n<tr>\n<td>Zinc (picolinat)<\/td>\n<td>15mg<\/td>\n<td>150<\/td>\n<\/tr>\n<tr>\n<td>Coaja capsulei: hidroxipropil metilceluloz\u0103<\/td>\n<td>40mg<\/td>\n<td>&#8211;<\/td>\n<\/tr>\n<tr>\n<td>Alfalfa<\/td>\n<td>40mg<\/td>\n<td>&#8211;<\/td>\n<\/tr>\n<tr>\n<td>Cupru (gluconat)<\/td>\n<td>1mg<\/td>\n<td>100<\/td>\n<\/tr>\n<\/tbody>\n<\/table>\n<p class=\"stamp\"><strong>Mod de administrare<\/strong>: 1 capsul\u0103 pe zi \u00een timpul mesei sau conform indica\u021biilor medicului.<\/p>\n<\/div>\n<div>\n<p>SUPLIMENT DE ZINC SI CURU<br \/>\nSupliment de zinc \u0219i cupru care ofer\u0103 un amestec de \u00eenalt\u0103 calitate al acestor minerale esen\u021biale \u00eentr-o form\u0103 chelat\u0103, care \u00eembun\u0103t\u0103\u021be\u0219te absorb\u021bia de c\u0103tre organism. Cercet\u0103rile sugereaz\u0103 c\u0103 suplimentarea pe termen lung cu zinc poate cauza deficien\u021b\u0103 de cupru, motiv pentru care am folosit un raport ideal de 15:1 de zinc \u0219i cupru \u00een acest supliment.<\/p>\n<p>ZINC CHELAT<br \/>\nMineralele chelate sunt create atunci c\u00e2nd mineralele se leag\u0103 de aminoacizi, \u00eembun\u0103t\u0103\u021bind absorb\u021bia acestora \u0219i f\u0103c\u00e2nd ingredientele active mai u\u0219or disponibile pentru organism.<\/p>\n<p>CE FACE ZINCUL \u0218I CUPRUL?<\/p>\n<p>Zincul contribuie la o diet\u0103 s\u0103n\u0103toas\u0103 \u00een multe feluri. Zincul contribuie la men\u021binerea normal\u0103 a oaselor, vederii, p\u0103rului, pielii, unghiilor \u0219i nivelurilor de testosteron din s\u00e2nge. Zincul contribuie, de asemenea, la func\u021bionarea normal\u0103 a sistemului imunitar \u0219i la protec\u021bia celulelor \u00eempotriva stresului oxidativ. Zincul joac\u0103, de asemenea, un rol \u00een fertilitatea \u0219i reproducerea normal\u0103.<\/p>\n<p>Cuprul contribuie la o diet\u0103 s\u0103n\u0103toas\u0103 \u00een multe feluri. Cuprul contribuie la pigmentarea normal\u0103 a p\u0103rului \u0219i a pielii, la metabolismul energetic \u0219i la func\u021bionarea normal\u0103 a sistemului imunitar.<\/p>\n<p>POTRIVIT PENTRU VEGANI<br \/>\nAcest supliment este potrivit pentru vegani, f\u0103r\u0103 OMG \u0219i f\u0103r\u0103 coloran\u021bi \u0219i conservan\u021bi artificiali.<\/p>\n<p><strong>Avertizare:<\/strong><br \/>\nNu dep\u0103\u0219i\u021bi doza recomandat\u0103.<br \/>\nSuplimentul alimentar nu trebuie folosit ca \u00eenlocuitor al unei alimenta\u021bii variate \u0219i echilibrate \u0219i al unui stil de via\u021b\u0103 s\u0103n\u0103tos.<br \/>\nA se p\u0103stra \u00eentr-un loc r\u0103coros, uscat, la \u00eendem\u00e2na copiilor.<\/p>\n<\/div>\n<p><\/p>","protected":false},"excerpt":{"rendered":"<ul>\n<li>Sus\u021bine s\u0103n\u0103tatea oaselor, vederii, p\u0103rului, pielii, unghiilor<\/li>\n<li>Normalizeaz\u0103 nivelul de testosteron din s\u00e2nge<\/li>\n<li>\u00cembun\u0103t\u0103\u021be\u0219te imunitatea<\/li>\n<li>Normalizeaz\u0103 pigmentarea p\u0103rului \u0219i a pielii<\/li>\n<li>Protejeaz\u0103 celulele de stresul oxidativ<\/li>\n<li>Normalizeaz\u0103 fertilitatea \u0219i func\u021bia reproductiv\u0103<\/li>\n<li>\u00cembun\u0103t\u0103\u021be\u0219te metabolismul energetic<\/li>\n<li>Promoveaz\u0103 absorb\u021bia vitaminei A<\/li>\n<\/ul>\n","protected":false},"featured_media":3540,"comment_status":"open","ping_status":"closed","template":"","meta":[],"product_brand":[],"product_cat":[65,61,66,60],"product_tag":[],"class_list":{"0":"post-1772","1":"product","2":"type-product","3":"status-publish","4":"has-post-thumbnail","6":"product_cat-minerals","7":"product_cat-vegan-supplements","8":"product_cat-health-concerns","9":"product_cat-superfoods","11":"first","12":"instock","13":"taxable","14":"shipping-taxable","15":"purchasable","16":"product-type-simple"},"aioseo_notices":[],"_links":{"self":[{"href":"https:\/\/www.vitamineonline.md\/ro\/wp-json\/wp\/v2\/product\/1772","targetHints":{"allow":["GET"]}}],"collection":[{"href":"https:\/\/www.vitamineonline.md\/ro\/wp-json\/wp\/v2\/product"}],"about":[{"href":"https:\/\/www.vitamineonline.md\/ro\/wp-json\/wp\/v2\/types\/product"}],"replies":[{"embeddable":true,"href":"https:\/\/www.vitamineonline.md\/ro\/wp-json\/wp\/v2\/comments?post=1772"}],"wp:featuredmedia":[{"embeddable":true,"href":"https:\/\/www.vitamineonline.md\/ro\/wp-json\/wp\/v2\/media\/3540"}],"wp:attachment":[{"href":"https:\/\/www.vitamineonline.md\/ro\/wp-json\/wp\/v2\/media?parent=1772"}],"wp:term":[{"taxonomy":"product_brand","embeddable":true,"href":"https:\/\/www.vitamineonline.md\/ro\/wp-json\/wp\/v2\/product_brand?post=1772"},{"taxonomy":"product_cat","embeddable":true,"href":"https:\/\/www.vitamineonline.md\/ro\/wp-json\/wp\/v2\/product_cat?post=1772"},{"taxonomy":"product_tag","embeddable":true,"href":"https:\/\/www.vitamineonline.md\/ro\/wp-json\/wp\/v2\/product_tag?post=1772"}],"curies":[{"name":"wp","href":"https:\/\/api.w.org\/{rel}","templated":true}]}}