{"id":1757,"date":"2020-12-19T23:46:01","date_gmt":"2020-12-19T20:46:01","guid":{"rendered":"http:\/\/www.vitamineonline.md\/?post_type=product&#038;p=1757"},"modified":"2026-04-21T21:34:42","modified_gmt":"2026-04-21T18:34:42","slug":"kelp-istochnik-joda-buraja-vodorosl-askofillum-organic-kelp-500mg-100-kapsul","status":"publish","type":"product","link":"https:\/\/www.vitamineonline.md\/ro\/product\/kelp-istochnik-joda-buraja-vodorosl-askofillum-organic-kelp-500mg-100-kapsul\/","title":{"rendered":"Alge organice (Organic Kelp 500mg) &#8211; 120 capsule vegane"},"content":{"rendered":"<p><\/p>\n<div class=\"item_label\"><\/div>\n<h3><strong>Compus<\/strong><strong>:<\/strong><\/h3>\n<table>\n<tbody>\n<tr>\n<td><b>O capsul\u0103 ofer\u0103:<\/b><\/td>\n<td><\/td>\n<td><b>RI%<\/b><\/td>\n<\/tr>\n<tr>\n<td>Alge organice (<i>Ascophyllum nodosum<\/i>)<br \/>\n&#8211; Furniz\u00e2nd: iod<\/td>\n<td>500mg<br \/>\n435\u03bcg<\/td>\n<td>290<\/td>\n<\/tr>\n<tr>\n<td>Capsul\u0103<br \/>\nde celuloz\u0103 vegetarian\u0103 (HPMC*) (*Hidroxipropilmetil celuloz\u0103)<\/td>\n<td>100mg<\/td>\n<td>&#8211;<\/td>\n<\/tr>\n<\/tbody>\n<\/table>\n<p><strong style=\"font-family: Dosis, Arial, Helvetica, sans-serif;font-size: 1.125rem\">Instruc\u021biuni:\u00a0 <\/strong>Lua\u021bi 1 capsul\u0103 pe zi la mas\u0103 sau conform indica\u021biilor unui profesionist din domeniul s\u0103n\u0103t\u0103\u021bii.<\/p>\n<p>SUPLIMENT ORGANIC DE ALGE<\/p>\n<p>Supliment organic de alge care furnizeaz\u0103 alge organice pure \u00eentr-o capsul\u0103 vegan\u0103. Kelp este o surs\u0103 bogat\u0103 de iod, fiecare capsul\u0103 oferind o doz\u0103 de \u00eenalt\u0103 calitate de cel pu\u021bin 400mcg. Algele noastre sunt certificate organice de c\u0103tre Soil Association \u0219i nu con\u021bin contaminan\u021bi din oceane, metale toxice \u0219i agen\u021bi patogeni microbieni.<\/p>\n<hr \/>\n<h3>CE ESTE ALGELE?<\/h3>\n<p>Kelp este o alg\u0103 maro mare care se g\u0103se\u0219te \u00een apele de coast\u0103 bogate \u00een nutrien\u021bi. Cunoscut pentru profilul s\u0103u nutritiv impresionant, algele con\u021bin \u00een mod natural iod \u0219i alte oligoelemente, ceea ce o face un plus valoros pentru o diet\u0103 echilibrat\u0103.<\/p>\n<hr \/>\n<h3>CE FACE ALGELE?<\/h3>\n<p>Algele sunt o surs\u0103 bogat\u0103 de iod. Cantit\u0103\u021bile mici de iod necesare organismului joac\u0103 un rol \u00een s\u0103n\u0103tatea noastr\u0103, inclusiv func\u021bia tiroidian\u0103 normal\u0103, produc\u021bia normal\u0103 de hormoni tiroidieni, metabolismul energetic normal \u0219i men\u021binerea pielii normale.<\/p>\n<hr \/>\n<h3>POTRIVIT PENTRU VEGANI<\/h3>\n<p>Acest supliment este potrivit pentru vegani. De asemenea, este aprobat kosher \u0219i nu con\u021bine alergeni majori.<\/p>\n<h3><strong>Avertizare:<\/strong><\/h3>\n<p><b>Dac\u0103 lua\u021bi orice medicament, consulta\u021bi medicul \/ farmacistul \u00eenainte de a lua acest produs pe baz\u0103 de plante.<\/b><\/p>\n<p>Nu dep\u0103\u0219i\u021bi doza recomandat\u0103 declarat\u0103. Un supliment alimentar nu trebuie utilizat ca substitut pentru o diet\u0103 variat\u0103 \u0219i echilibrat\u0103 \u0219i un stil de via\u021b\u0103 s\u0103n\u0103tos. A se p\u0103stra \u00eentr-un loc r\u0103coros \u0219i uscat, la \u00eendem\u00e2na \u0219i vederea copiilor mici.<\/p>\n<p>GA177<\/p>","protected":false},"excerpt":{"rendered":"<p>Algele marine sunt o surs\u0103 bogat\u0103 de iod, un oligoelement esen\u021bial pentru organism. Deficitul de iod poate afecta at\u00e2t abilit\u0103\u021bile fizice, c\u00e2t \u0219i pe cele intelectuale.<\/p>\n","protected":false},"featured_media":3579,"comment_status":"open","ping_status":"closed","template":"","meta":[],"product_brand":[],"product_cat":[65,61],"product_tag":[],"class_list":{"0":"post-1757","1":"product","2":"type-product","3":"status-publish","4":"has-post-thumbnail","6":"product_cat-minerals","7":"product_cat-vegan-supplements","9":"first","10":"instock","11":"taxable","12":"shipping-taxable","13":"purchasable","14":"product-type-simple"},"aioseo_notices":[],"_links":{"self":[{"href":"https:\/\/www.vitamineonline.md\/ro\/wp-json\/wp\/v2\/product\/1757","targetHints":{"allow":["GET"]}}],"collection":[{"href":"https:\/\/www.vitamineonline.md\/ro\/wp-json\/wp\/v2\/product"}],"about":[{"href":"https:\/\/www.vitamineonline.md\/ro\/wp-json\/wp\/v2\/types\/product"}],"replies":[{"embeddable":true,"href":"https:\/\/www.vitamineonline.md\/ro\/wp-json\/wp\/v2\/comments?post=1757"}],"wp:featuredmedia":[{"embeddable":true,"href":"https:\/\/www.vitamineonline.md\/ro\/wp-json\/wp\/v2\/media\/3579"}],"wp:attachment":[{"href":"https:\/\/www.vitamineonline.md\/ro\/wp-json\/wp\/v2\/media?parent=1757"}],"wp:term":[{"taxonomy":"product_brand","embeddable":true,"href":"https:\/\/www.vitamineonline.md\/ro\/wp-json\/wp\/v2\/product_brand?post=1757"},{"taxonomy":"product_cat","embeddable":true,"href":"https:\/\/www.vitamineonline.md\/ro\/wp-json\/wp\/v2\/product_cat?post=1757"},{"taxonomy":"product_tag","embeddable":true,"href":"https:\/\/www.vitamineonline.md\/ro\/wp-json\/wp\/v2\/product_tag?post=1757"}],"curies":[{"name":"wp","href":"https:\/\/api.w.org\/{rel}","templated":true}]}}