{"id":1751,"date":"2020-12-19T23:12:32","date_gmt":"2020-12-19T20:12:32","guid":{"rendered":"http:\/\/www.vitamineonline.md\/?post_type=product&#038;p=1751"},"modified":"2026-04-21T21:39:20","modified_gmt":"2026-04-21T18:39:20","slug":"zhenskoe-zdorove-fertility-women-90-kapsul","status":"publish","type":"product","link":"https:\/\/www.vitamineonline.md\/ro\/product\/zhenskoe-zdorove-fertility-women-90-kapsul\/","title":{"rendered":"Fertility Women &#8211; 90 capsule"},"content":{"rendered":"<p><\/p>\n<h3><strong>Ingrediente<\/strong><\/h3>\n<table>\n<tbody>\n<tr>\n<td><b>3 capsule ofer\u0103:<\/b><\/td>\n<td><\/td>\n<td><b>RI%<\/b><\/td>\n<\/tr>\n<tr>\n<td>Vitamina C (ascorbat de calciu)<\/td>\n<td>480 mg<\/td>\n<td>600<\/td>\n<\/tr>\n<tr>\n<td>Carcasa capsulei: celuloz\u0103 vegetal\u0103<\/td>\n<td>360mg<\/td>\n<td>&#8211;<\/td>\n<\/tr>\n<tr>\n<td>Vitamina E natural\u0103 323,1 UI<br \/>\n(d-al. succinat de tocoferol)<\/td>\n<td>216.84mg<\/td>\n<td>1,807<\/td>\n<\/tr>\n<tr>\n<td>Alge (<i>Ascophyllum nodosum<\/i>)<br \/>\n&#8211; Furnizeaz\u0103 17,4 \u03bcg de iod<\/td>\n<td>249 mg<\/td>\n<td>&#8211;<\/td>\n<\/tr>\n<tr>\n<td>Extract de Cordyceps 4:1<\/td>\n<td>180mg<\/td>\n<td>&#8211;<\/td>\n<\/tr>\n<tr>\n<td>Extract de r\u0103d\u0103cin\u0103 de Dong Quai (<i>Angelica sinensis<\/i>) (4:1)<\/td>\n<td>30 mg<\/td>\n<td>&#8211;<\/td>\n<\/tr>\n<tr>\n<td>Maca (<i>Lepidium meynii<\/i>)<\/td>\n<td>150mg<\/td>\n<td>&#8211;<\/td>\n<\/tr>\n<tr>\n<td>Zinc (picolinat)<\/td>\n<td>24,99 mg<\/td>\n<td>250<\/td>\n<\/tr>\n<tr>\n<td>R\u0103d\u0103cin\u0103 de Ashwaghanda (Extract 1.5%)<br \/>\n(<i>W. somnifera<\/i><\/td>\n<td>120 mg<\/td>\n<td>&#8211;<\/td>\n<\/tr>\n<tr>\n<td>Magneziu (citrat)<\/td>\n<td>18 mg<\/td>\n<td>&#8211;<\/td>\n<\/tr>\n<tr>\n<td>Beta-caroten natural 3330iu<br \/>\n(<i>alge Dunaliella salina<\/i>)<\/td>\n<td>6mg<\/td>\n<td>126<\/td>\n<\/tr>\n<tr>\n<td>L-arginin\u0103<\/td>\n<td>75mg<\/td>\n<td>&#8211;<\/td>\n<\/tr>\n<tr>\n<td>N-acetil L-cistein\u0103<\/td>\n<td>75mg<\/td>\n<td><\/td>\n<\/tr>\n<tr>\n<td>Co-Q10 (ubiquinon\u0103)<\/td>\n<td>60mg<\/td>\n<td><\/td>\n<\/tr>\n<tr>\n<td>Seleniu (metionin\u0103)<\/td>\n<td>198\u03bcg<\/td>\n<td>250<\/td>\n<\/tr>\n<tr>\n<td>Vitamina B6 (P5P)<\/td>\n<td>24mg<\/td>\n<td>1,714<\/td>\n<\/tr>\n<tr>\n<td>Vitamina D 3000iu (D3)<\/td>\n<td>75\u03bcg<\/td>\n<td>1,500<\/td>\n<\/tr>\n<tr>\n<td>Inozitol<\/td>\n<td>30 mg<\/td>\n<td>&#8211;<\/td>\n<\/tr>\n<tr>\n<td>Fier (bisglicinat)<\/td>\n<td>6mg<\/td>\n<td>43<\/td>\n<\/tr>\n<tr>\n<td>Colin\u0103 (l-bitartrat)<\/td>\n<td>9mg<\/td>\n<td>&#8211;<\/td>\n<\/tr>\n<tr>\n<td>Vitamina B1 (tiamin\u0103 HCl)<\/td>\n<td>15 mg<\/td>\n<td>1,364<\/td>\n<\/tr>\n<tr>\n<td>Vitamina B5 (pantotenat de calciu)<\/td>\n<td>15 mg<\/td>\n<td>250<\/td>\n<\/tr>\n<tr>\n<td>Mangan (citrat)<\/td>\n<td>3mg<\/td>\n<td>150<\/td>\n<\/tr>\n<tr>\n<td>Vitamina B2 (riboflavin\u0103)<\/td>\n<td>6mg<\/td>\n<td>429<\/td>\n<\/tr>\n<tr>\n<td>Vitamina B3 (nicotinamid\u0103)<\/td>\n<td>6mg<\/td>\n<td>38<\/td>\n<\/tr>\n<tr>\n<td>Folat (5-MTHF)<\/td>\n<td>600\u03bcg<\/td>\n<td>300<\/td>\n<\/tr>\n<tr>\n<td>Vitamina B12 (metilcobalamin\u0103)<\/td>\n<td>498\u03bcg<\/td>\n<td>19,920<\/td>\n<\/tr>\n<tr>\n<td>Cupru (citrat)<\/td>\n<td>150\u03bcg<\/td>\n<td>15<\/td>\n<\/tr>\n<tr>\n<td>Crom (picolinat)<\/td>\n<td>45\u03bcg<\/td>\n<td>113<\/td>\n<\/tr>\n<tr>\n<td>Vitamina B7 (biotin\u0103)<\/td>\n<td>150\u03bcg<\/td>\n<td>300<\/td>\n<\/tr>\n<tr>\n<td>Ingrediente suplimentare:<br \/>\nmaltodextrin\u0103, gum\u0103 arabic\u0103<\/td>\n<td><\/td>\n<td><\/td>\n<\/tr>\n<\/tbody>\n<\/table>\n<div class=\"item_label\">\n<p><strong>Mod de administrare<\/strong>: Lua\u021bi 3 capsule zilnic timp de 3 luni p\u00e2n\u0103 la sarcin\u0103 sau conform indica\u021biilor unui profesionist din domeniul s\u0103n\u0103t\u0103\u021bii. Nu lua\u021bi niciodat\u0103 pe stomacul gol. Nu consuma\u021bi odat\u0103 ce sarcina este confirmat\u0103<\/p>\n<p class=\"stamp\"><strong> NU contine:<\/strong> OMG-uri, gluten, grau, lactoza, conservanti artificiali sau coloranti<\/p>\n<\/div>\n<h3>SUPLIMENTUL NOSTRU Fertility Women<\/h3>\n<p>Fertility Women este o formul\u0103 sinergic\u0103 care este conceput\u0103 pentru a ajuta la sus\u021binerea fertilit\u0103\u021bii \u0219i reproducerii normale. \u00cen cadrul acestei formule, fertilitatea \u0219i reproducerea normal\u0103 sunt sus\u021binute de includerea zincului \u0219i seleniului, printre alte minerale. Amestecul este conceput pentru a ajuta organismul s\u0103 func\u021bioneze holistic \u0219i s\u0103 fac\u0103 fa\u021b\u0103 factorilor precum stresul oxidativ care ar putea contribui la o fertilitate suboptim\u0103.<\/p>\n<p>Fertility Women con\u021bine zinc care contribuie la fertilitatea \u0219i reproducerea normal\u0103 \u0219i la men\u021binerea nivelului de testosteron din s\u00e2nge \u00eempreun\u0103 cu sinteza ADN-ului. Fertility Women con\u021bine, de asemenea, vitamina B6, care contribuie la reglarea normal\u0103 a activit\u0103\u021bii hormonale.<\/p>\n<p>Fertility Women ofer\u0103, de asemenea, acid folic. Aportul suplimentar de acid folic cre\u0219te starea de acid folic matern. Statutul sc\u0103zut de folat matern este un factor de risc pentru defecte ale tubului neural la f\u0103tul \u00een curs de dezvoltare.<\/p>\n<div>\n<p><strong>Avantaje:<\/strong><\/p>\n<p><strong>Zinc:<\/strong><\/p>\n<ul>\n<li>Promoveaz\u0103 func\u021bionarea normal\u0103 a sistemului reproduc\u0103tor<\/li>\n<li>Men\u021bine nivelul de testosteron \u00een s\u00e2nge<\/li>\n<li>Protejeaz\u0103 celulele de stresul oxidativ<\/li>\n<li>\u00cembun\u0103t\u0103\u021be\u0219te func\u021bia sistemului imunitar<\/li>\n<li>Sintetizeaz\u0103 ADN-ul<\/li>\n<li>Promoveaz\u0103 procesul de diviziune celular\u0103<\/li>\n<\/ul>\n<p><strong>Vitamina E<\/strong> ajut\u0103 la protejarea celulelor de stresul oxidativ.<br \/>\n<strong>Vitamina B12<\/strong> promoveaz\u0103 procesul de diviziune celular\u0103<br \/>\n<strong>Manganul<\/strong> ajut\u0103 la formarea \u021besutului conjunctiv<br \/>\n<strong>Seleniul<\/strong> \u00eembun\u0103t\u0103\u021be\u0219te func\u021bia tiroidian\u0103<\/p>\n<p><strong>Vitamina C<\/strong> ajut\u0103 la:<\/p>\n<ul>\n<li>Metabolismul energetic<\/li>\n<li>Reducerea oboselii<\/li>\n<li>Proteja\u021bi celulele de stresul oxidativ<\/li>\n<li>Func\u021bia sistemului imunitar \u00een timpul \u0219i dup\u0103 efortul intens.<\/li>\n<li>Formarea de colagen pentru func\u021bionarea normal\u0103 a vaselor de s\u00e2nge, oaselor, cartilajelor, gingiilor, pielii \u0219i din\u021bilor<\/li>\n<li>Regenerarea formei restaurate de vitamina E<\/li>\n<\/ul>\n<p>&nbsp;<\/p>\n<p><strong>Vitamina B5<\/strong> ajut\u0103 la:<\/p>\n<ul>\n<li>Sintezarea \u0219i metabolizarea hormonilor steroizi, a vitaminei D \u0219i a unor neurotransmi\u021b\u0103tori.<\/li>\n<\/ul>\n<p><strong>Magneziul<\/strong> ajut\u0103 la:<\/p>\n<ul>\n<li>Performan\u021ba muscular\u0103<\/li>\n<li>Sinteza proteinelor<\/li>\n<li>Procesul de diviziune celular\u0103<\/li>\n<\/ul>\n<p><strong>Vitamina B6<\/strong> ajut\u0103 la:<\/p>\n<ul>\n<li>Metabolismul energetic<\/li>\n<li>Formarea globulelor ro\u0219ii<\/li>\n<li>Reglarea activit\u0103\u021bii hormonale<\/li>\n<\/ul>\n<p><strong>POTRIVIT PENTRU VEGANI<\/strong><br \/>\nFertility Women este potrivit pentru vegetarieni \u0219i vegani. De asemenea, este certificat cu\u0219er \u0219i nu con\u021bine to\u021bi alergenii majori.<\/p>\n<p><strong>Avertizare:<\/strong><\/p>\n<p>Persoanele care fumeaz\u0103 nu ar trebui s\u0103 suplimenteze cu beta-caroten.<br \/>\nNu dep\u0103\u0219i\u021bi doza recomandat\u0103 declarat\u0103.<br \/>\nUn supliment alimentar nu trebuie utilizat ca substitut pentru o diet\u0103 variat\u0103 \u0219i echilibrat\u0103 \u0219i un stil de via\u021b\u0103 s\u0103n\u0103tos.<br \/>\nA se p\u0103stra \u00eentr-un loc r\u0103coros \u0219i uscat, la \u00eendem\u00e2na \u0219i vederea copiilor mici<\/p>\n<\/div>\n<p><\/p>","protected":false},"excerpt":{"rendered":"<ul>\n<li>Sus\u021bine fertilitatea \u0219i func\u021bia de reproducere<\/li>\n<li>Ajut\u0103 organismul s\u0103 lupte cu stresul oxidativ<\/li>\n<li>Normalizeaz\u0103 activitatea hormonal\u0103<\/li>\n<li>Potrivit pentru vegetarieni \u0219i vegani<\/li>\n<\/ul>\n","protected":false},"featured_media":3544,"comment_status":"open","ping_status":"closed","template":"","meta":[],"product_brand":[],"product_cat":[108,79,82,93,68,61,64,42,60],"product_tag":[],"class_list":{"0":"post-1751","1":"product","2":"type-product","3":"status-publish","4":"has-post-thumbnail","6":"product_cat-complex","7":"product_cat-pregnant","8":"product_cat-for-women","9":"product_cat-multivitamin-for-women","10":"product_cat-best-sellers","11":"product_cat-vegan-supplements","12":"product_cat-vitamins","13":"product_cat-daily-packs","14":"product_cat-superfoods","16":"first","17":"instock","18":"taxable","19":"shipping-taxable","20":"purchasable","21":"product-type-simple"},"aioseo_notices":[],"_links":{"self":[{"href":"https:\/\/www.vitamineonline.md\/ro\/wp-json\/wp\/v2\/product\/1751","targetHints":{"allow":["GET"]}}],"collection":[{"href":"https:\/\/www.vitamineonline.md\/ro\/wp-json\/wp\/v2\/product"}],"about":[{"href":"https:\/\/www.vitamineonline.md\/ro\/wp-json\/wp\/v2\/types\/product"}],"replies":[{"embeddable":true,"href":"https:\/\/www.vitamineonline.md\/ro\/wp-json\/wp\/v2\/comments?post=1751"}],"wp:featuredmedia":[{"embeddable":true,"href":"https:\/\/www.vitamineonline.md\/ro\/wp-json\/wp\/v2\/media\/3544"}],"wp:attachment":[{"href":"https:\/\/www.vitamineonline.md\/ro\/wp-json\/wp\/v2\/media?parent=1751"}],"wp:term":[{"taxonomy":"product_brand","embeddable":true,"href":"https:\/\/www.vitamineonline.md\/ro\/wp-json\/wp\/v2\/product_brand?post=1751"},{"taxonomy":"product_cat","embeddable":true,"href":"https:\/\/www.vitamineonline.md\/ro\/wp-json\/wp\/v2\/product_cat?post=1751"},{"taxonomy":"product_tag","embeddable":true,"href":"https:\/\/www.vitamineonline.md\/ro\/wp-json\/wp\/v2\/product_tag?post=1751"}],"curies":[{"name":"wp","href":"https:\/\/api.w.org\/{rel}","templated":true}]}}