{"id":1741,"date":"2020-12-19T22:28:49","date_gmt":"2020-12-19T19:28:49","guid":{"rendered":"http:\/\/www.vitamineonline.md\/?post_type=product&#038;p=1741"},"modified":"2026-04-21T21:40:57","modified_gmt":"2026-04-21T18:40:57","slug":"beauty-collagen-60-capsules","status":"publish","type":"product","link":"https:\/\/www.vitamineonline.md\/ro\/product\/beauty-collagen-60-capsules\/","title":{"rendered":"Beauty Collagen &#8211; 60 Capsule"},"content":{"rendered":"<p><\/p>\n<div class=\"item_label\">\n<h3><strong>Compus<\/strong><\/h3>\n<table>\n<tbody>\n<tr>\n<td><b>1 capsul\u0103 ofer\u0103:<\/b><\/td>\n<td><\/td>\n<td><b>RI%<\/b><\/td>\n<\/tr>\n<tr>\n<td>Colagen (marin) (<b>PE\u0218TE<\/b>)<\/td>\n<td>450mg<\/td>\n<td>&#8211;<\/td>\n<\/tr>\n<tr>\n<td>Carcasa capsulei: celuloz\u0103 vegetal\u0103<\/td>\n<td>120 mg<\/td>\n<td>&#8211;<\/td>\n<\/tr>\n<tr>\n<td>Vitamina C (acid ascorbic)<\/td>\n<td>50 mg<\/td>\n<td>63<\/td>\n<\/tr>\n<tr>\n<td>Acid hialuronic<\/td>\n<td>50 mg<\/td>\n<td>&#8211;<\/td>\n<\/tr>\n<tr>\n<td>Sfaturi pentru alergii:<br \/>\nvezi ingredientele din\u00a0<b>(BOLD).<\/b><\/td>\n<td><\/td>\n<\/tr>\n<\/tbody>\n<\/table>\n<p class=\"stamp\"><strong>Instruc\u021biuni:<\/strong> Lua\u021bi 1-2 capsule pe zi sau conform indica\u021biilor unui specialist. Atunci cand folosi\u021bi Acid Hialuronic este recomandat s\u0103 consuma\u021bi cel pu\u021bin 2 litri de ap\u0103 pe zi.\u00a0\u00a0<strong><br \/>\n<\/strong><\/p>\n<h3>SUPLIMENT DE COLAGEN DE FRUMUSE\u021aE<\/h3>\n<p>Beauty Collagen este un amestec unic de suplimente, care utilizeaz\u0103 colagen marin hidrolizat, vitamina C \u0219i acid hialuronic. Colagenul marin hidrolizat con\u021bine colagen de tip 1, care este utilizat de \u021besuturi precum pielea, \u00een timp ce acidul hialuronic ajut\u0103 la re\u021binerea umidit\u0103\u021bii.<\/p>\n<hr \/>\n<h3>DE CE COLAGEN MARIN HIDROLIZAT?<\/h3>\n<p>\u00cen colagenul hidrolizat, leg\u0103turile de colagen au fost rupte, l\u0103s\u00e2nd aminoacizii esen\u021biali intacti \u0219i gata de digestie.<\/p>\n<hr \/>\n<h3>CE FACE COLAGENUL DE FRUMUSE\u021aE?<\/h3>\n<p>Colagenul de frumuse\u021be con\u021bine vitamina C, care contribuie la formarea normal\u0103 a colagenului pentru func\u021bionarea normal\u0103 a pielii, din\u021bilor, gingiilor, cartilajului \u0219i vaselor de s\u00e2nge. Vitamina C contribuie, de asemenea, la protejarea celulelor \u00eempotriva stresului oxidativ.<\/p>\n<p>&nbsp;<\/p>\n<p><strong>Avertizare:<\/strong><\/p>\n<p>Nu dep\u0103\u0219i\u021bi doza recomandat\u0103.<br \/>\nSuplimentul alimentar nu trebuie folosit ca \u00eenlocuitor al unei alimenta\u021bii variate \u0219i echilibrate \u0219i al unui stil de via\u021b\u0103 s\u0103n\u0103tos.<br \/>\nA se p\u0103stra \u00eentr-un loc r\u0103coros, uscat, la \u00eendem\u00e2na copiilor.<\/p>\n<\/div>\n<ul>\n<li>GA057<\/li>\n<\/ul>\n<p><\/p>","protected":false},"excerpt":{"rendered":"<ul>\n<li>Colagen marin hidrolizat tip 1<\/li>\n<li>Ajut\u0103 la re\u021binerea umidit\u0103\u021bii \u00een \u021besuturi<\/li>\n<li>Esen\u021bial pentru pielea s\u0103n\u0103toas\u0103, gingiile, oasele, cartilajele, din\u021bii \u0219i vasele de s\u00e2nge<\/li>\n<\/ul>\n","protected":false},"featured_media":3549,"comment_status":"open","ping_status":"closed","template":"","meta":[],"product_brand":[],"product_cat":[82,68,57,60],"product_tag":[],"class_list":{"0":"post-1741","1":"product","2":"type-product","3":"status-publish","4":"has-post-thumbnail","6":"product_cat-for-women","7":"product_cat-best-sellers","8":"product_cat-organic-supplements","9":"product_cat-superfoods","11":"first","12":"instock","13":"taxable","14":"shipping-taxable","15":"purchasable","16":"product-type-simple"},"aioseo_notices":[],"_links":{"self":[{"href":"https:\/\/www.vitamineonline.md\/ro\/wp-json\/wp\/v2\/product\/1741","targetHints":{"allow":["GET"]}}],"collection":[{"href":"https:\/\/www.vitamineonline.md\/ro\/wp-json\/wp\/v2\/product"}],"about":[{"href":"https:\/\/www.vitamineonline.md\/ro\/wp-json\/wp\/v2\/types\/product"}],"replies":[{"embeddable":true,"href":"https:\/\/www.vitamineonline.md\/ro\/wp-json\/wp\/v2\/comments?post=1741"}],"wp:featuredmedia":[{"embeddable":true,"href":"https:\/\/www.vitamineonline.md\/ro\/wp-json\/wp\/v2\/media\/3549"}],"wp:attachment":[{"href":"https:\/\/www.vitamineonline.md\/ro\/wp-json\/wp\/v2\/media?parent=1741"}],"wp:term":[{"taxonomy":"product_brand","embeddable":true,"href":"https:\/\/www.vitamineonline.md\/ro\/wp-json\/wp\/v2\/product_brand?post=1741"},{"taxonomy":"product_cat","embeddable":true,"href":"https:\/\/www.vitamineonline.md\/ro\/wp-json\/wp\/v2\/product_cat?post=1741"},{"taxonomy":"product_tag","embeddable":true,"href":"https:\/\/www.vitamineonline.md\/ro\/wp-json\/wp\/v2\/product_tag?post=1741"}],"curies":[{"name":"wp","href":"https:\/\/api.w.org\/{rel}","templated":true}]}}