{"id":1685,"date":"2020-10-25T22:33:49","date_gmt":"2020-10-25T19:33:49","guid":{"rendered":"http:\/\/www.vitamineonline.md\/?post_type=product&#038;p=1685"},"modified":"2026-04-21T21:42:39","modified_gmt":"2026-04-21T18:42:39","slug":"vitamin-b12-methylcobalamin","status":"publish","type":"product","link":"https:\/\/www.vitamineonline.md\/ro\/product\/vitamin-b12-methylcobalamin\/","title":{"rendered":"Vitamina B12 1000mcg &#8211; 120 capsule vegane"},"content":{"rendered":"<p><\/p>\n<h3><strong>Compus<\/strong><strong>:<\/strong><\/h3>\n<table>\n<tbody>\n<tr>\n<td><b>O capsul\u0103 ofer\u0103:<\/b><\/td>\n<td><\/td>\n<td><b>RI%<\/b><\/td>\n<\/tr>\n<tr>\n<td>Alfalfa<\/td>\n<td>100mg<\/td>\n<td>&#8211;<\/td>\n<\/tr>\n<tr>\n<td>Carcasa capsulei: celuloz\u0103 vegetal\u0103<\/td>\n<td>40mg<\/td>\n<td>&#8211;<\/td>\n<\/tr>\n<tr>\n<td>Vitamina B12 (metilcobalamin\u0103)<\/td>\n<td>1000mg<\/td>\n<td>40,000<\/td>\n<\/tr>\n<\/tbody>\n<\/table>\n<h3><strong>Instruc\u021biuni:<\/strong><\/h3>\n<p>Lua\u021bi o capsul\u0103 zilnic cu o mas\u0103 sau conform indica\u021biilor unui profesionist.<\/p>\n<h3>SUPLIMENTUL NOSTRU CU VITAMINA B12<\/h3>\n<p>Exist\u0103 c\u00e2teva forme de vitamina B12 disponibile pe pia\u021b\u0103, cum ar fi metilcobalamina \u0219i cianocobalamina. Folosim metilcobalamina \u00een suplimentele noastre de vitamina B12, deoarece cercet\u0103rile au ar\u0103tat c\u0103 aceast\u0103 form\u0103 de vitamina B12 r\u0103m\u00e2ne \u00een organism pentru o perioad\u0103 mai lung\u0103 de timp \u0219i la niveluri mai ridicate dec\u00e2t cianocobalamina.<\/p>\n<hr \/>\n<h3>CE ESTE VITAMINA B12 \u0218I DE CE ESTE IMPORTANT\u0102?<\/h3>\n<p>Vitamina B12 este o vitamin\u0103 hidrosolubil\u0103 care se g\u0103se\u0219te de obicei doar \u00een carne, ca surs\u0103 alimentar\u0103. Dac\u0103 urma\u021bi o diet\u0103 vegetarian\u0103 sau vegan\u0103, este foarte important s\u0103 v\u0103 monitoriza\u021bi aportul de vitamina B12, deoarece este un nutrient rar \u00eent\u00e2lnit \u00een alte surse alimentare dec\u00e2t pe\u0219tele \u0219i carnea.<\/p>\n<hr \/>\n<h3>CE FACE VITAMINA B12?<\/h3>\n<p>Vitamina B12 contribuie la o diet\u0103 s\u0103n\u0103toas\u0103 \u00een multe feluri. Aceasta include reducerea oboselii \u0219i extenu\u0103rii, un metabolism energetic normal \u0219i men\u021binerea num\u0103rului de globule ro\u0219ii. De asemenea, vitamina B12 contribuie la func\u021bionarea normal\u0103 a sistemului nervos \u0219i la func\u021bia psihologic\u0103 normal\u0103.<\/p>\n<hr \/>\n<h3>CUTIE \u0218I ETICHET\u0102 100% BIODEGRADABIL\u0102<\/h3>\n<p>Suplimentele noastre sunt concepute av\u00e2nd \u00een vedere sustenabilitatea. Cutiile \u0219i etichetele noastre sunt fabricate din materiale vegetale naturale, ceea ce le face 100% biodegradabile. Aceasta \u00eenseamn\u0103 c\u0103 recipientele noastre se vor potrivi perfect \u00eentr-un recipient de compostare. Capacele noastre nu sunt \u00eenc\u0103 compostabile, dar sunt reciclabile; v\u0103 rug\u0103m s\u0103 verifica\u021bi cu autoritatea local\u0103 de reciclare. De asemenea, suplimentele noastre sunt fabricate cu energie 100% regenerabil\u0103.<\/p>\n<hr \/>\n<h3>POTRIVIT PENTRU VEGANI<\/h3>\n<p>Suplimentul nostru de vitamina B12 este potrivit pentru vegetarieni \u0219i vegani. De asemenea, este aprobat kosher \u0219i nu con\u021bine alergeni majori.<\/p>\n<h3>Sfaturi despre produse<\/h3>\n<p>Nu dep\u0103\u0219i\u021bi doza recomandat\u0103. Un supliment alimentar nu trebuie utilizat ca \u00eenlocuitor pentru o diet\u0103 variat\u0103 \u0219i echilibrat\u0103 \u0219i un stil de via\u021b\u0103 s\u0103n\u0103tos. A se p\u0103stra \u00eentr-un loc r\u0103coros \u0219i uscat, a nu se l\u0103sa la \u00eendem\u00e2na \u0219i vederea copiilor mici.<\/p>","protected":false},"excerpt":{"rendered":"<ul>\n<li>\u00cembun\u0103t\u0103\u021be\u0219te starea func\u021bional\u0103 a organismului \u00een st\u0103ri de depresie, sl\u0103biciune \u0219i oboseal\u0103.<\/li>\n<li>\u00cent\u0103re\u0219te memoria la v\u00e2rstnici.<\/li>\n<li>Necesar pentru conservarea celulelor nervoase.<\/li>\n<li>Recomandat pentru prevenirea anemiei.<\/li>\n<\/ul>\n","protected":false},"featured_media":3597,"comment_status":"open","ping_status":"closed","template":"","meta":[],"product_brand":[],"product_cat":[101,68,61,64,66,60],"product_tag":[],"class_list":{"0":"post-1685","1":"product","2":"type-product","3":"status-publish","4":"has-post-thumbnail","6":"product_cat-vitamin-b","7":"product_cat-best-sellers","8":"product_cat-vegan-supplements","9":"product_cat-vitamins","10":"product_cat-health-concerns","11":"product_cat-superfoods","13":"first","14":"outofstock","15":"taxable","16":"shipping-taxable","17":"purchasable","18":"product-type-simple"},"aioseo_notices":[],"_links":{"self":[{"href":"https:\/\/www.vitamineonline.md\/ro\/wp-json\/wp\/v2\/product\/1685","targetHints":{"allow":["GET"]}}],"collection":[{"href":"https:\/\/www.vitamineonline.md\/ro\/wp-json\/wp\/v2\/product"}],"about":[{"href":"https:\/\/www.vitamineonline.md\/ro\/wp-json\/wp\/v2\/types\/product"}],"replies":[{"embeddable":true,"href":"https:\/\/www.vitamineonline.md\/ro\/wp-json\/wp\/v2\/comments?post=1685"}],"wp:featuredmedia":[{"embeddable":true,"href":"https:\/\/www.vitamineonline.md\/ro\/wp-json\/wp\/v2\/media\/3597"}],"wp:attachment":[{"href":"https:\/\/www.vitamineonline.md\/ro\/wp-json\/wp\/v2\/media?parent=1685"}],"wp:term":[{"taxonomy":"product_brand","embeddable":true,"href":"https:\/\/www.vitamineonline.md\/ro\/wp-json\/wp\/v2\/product_brand?post=1685"},{"taxonomy":"product_cat","embeddable":true,"href":"https:\/\/www.vitamineonline.md\/ro\/wp-json\/wp\/v2\/product_cat?post=1685"},{"taxonomy":"product_tag","embeddable":true,"href":"https:\/\/www.vitamineonline.md\/ro\/wp-json\/wp\/v2\/product_tag?post=1685"}],"curies":[{"name":"wp","href":"https:\/\/api.w.org\/{rel}","templated":true}]}}