{"id":1631,"date":"2020-10-14T13:31:49","date_gmt":"2020-10-14T10:31:49","guid":{"rendered":"http:\/\/www.vitamineonline.md\/?post_type=product&#038;p=1631"},"modified":"2026-04-21T22:05:32","modified_gmt":"2026-04-21T19:05:32","slug":"kompleks-vitaminov-b6-p5p-vitamin-b6-complex-p5p-30-kapsul","status":"publish","type":"product","link":"https:\/\/www.vitamineonline.md\/ro\/product\/kompleks-vitaminov-b6-p5p-vitamin-b6-complex-p5p-30-kapsul\/","title":{"rendered":"Vitamin B6 Complex (P5P) &#8211; 30 capsule"},"content":{"rendered":"<p><\/p>\n<div class=\"item_label\">\n<p><b><span data-contrast=\"none\">Compozi\u0163ie<\/span><\/b><span data-ccp-props=\"{&quot;134233117&quot;:false,&quot;134233118&quot;:false,&quot;134245418&quot;:true,&quot;134245529&quot;:true,&quot;335551550&quot;:1,&quot;335551620&quot;:1,&quot;335559738&quot;:281,&quot;335559739&quot;:281}\">\u00a0<\/span><\/p>\n<table>\n<tbody>\n<tr>\n<td><b>O capsul\u0103 ofer\u0103:<\/b><\/td>\n<td><\/td>\n<td><b>RI%<\/b><\/td>\n<\/tr>\n<tr>\n<td>Magneziu (citrat)<\/td>\n<td>95mg<\/td>\n<td>25<\/td>\n<\/tr>\n<tr>\n<td>Carcasa capsulei: celuloz\u0103 vegetal\u0103<\/td>\n<td>120mg<\/td>\n<td>&#8211;<\/td>\n<\/tr>\n<tr>\n<td>Zinc (citrat)<\/td>\n<td>25mg<\/td>\n<td>250<\/td>\n<\/tr>\n<tr>\n<td>Vitamina B6 (piridozal-5-fosfat)<\/td>\n<td>50mg<\/td>\n<td>3,571<\/td>\n<\/tr>\n<tr>\n<td>Vitamina B1 (tiamin\u0103 HCl)<\/td>\n<td>25mg<\/td>\n<td>2,273<\/td>\n<\/tr>\n<tr>\n<td>Vitamina B2 (riboflavin\u0103)<\/td>\n<td>25mg<\/td>\n<td>1,786<\/td>\n<\/tr>\n<\/tbody>\n<\/table>\n<p class=\"stamp\"><img loading=\"lazy\" decoding=\"async\" src=\"https:\/\/gofenice.live\/gandg\/img\/cms\/Media\/quality_ru.png\" alt=\"\" width=\"180\" height=\"85\" \/><span data-contrast=\"auto\"><strong>Dozare<\/strong>: Lua\u021bi 1 capsul\u0103 cu alimente sau conform recomand\u0103rilor unui profesionist din domeniul s\u0103n\u0103t\u0103\u021bii.<\/span><span data-ccp-props=\"{&quot;134233117&quot;:false,&quot;134233118&quot;:false,&quot;335551550&quot;:1,&quot;335551620&quot;:1,&quot;335559738&quot;:240,&quot;335559739&quot;:240}\">\u00a0<\/span><\/p>\n<p><span data-contrast=\"auto\">Vitamina B6 se g\u0103se\u0219te \u00een multe legume crude, dar este adesea distrus\u0103 atunci c\u00e2nd alimentele sunt g\u0103tite. B6 este implicat \u00een procesele metabolice din corpul uman. Multe femei iau suplimente de B6 \u00een zilele premerg\u0103toare menstrua\u021biei.<\/span><span data-ccp-props=\"{&quot;134233117&quot;:false,&quot;134233118&quot;:false,&quot;335551550&quot;:1,&quot;335551620&quot;:1,&quot;335559738&quot;:240,&quot;335559739&quot;:240}\">\u00a0<\/span><\/p>\n<p><span data-contrast=\"auto\">Vitamina B6 este necesar\u0103 pentru func\u021bionarea normal\u0103 a peste 60 de enzime diferite \u0219i este implicat\u0103 \u00een formarea proteinelor \u0219i compu\u0219ilor structurali din organism, a mediatorilor, a globulelor ro\u0219ii \u0219i a prostaglandinelor. Vitamina B6 este, de asemenea, important\u0103 \u00een men\u021binerea echilibrului hormonal \u0219i a func\u021biei imunitare adecvate. Deficitul de vitamina B6 se caracterizeaz\u0103 prin depresie, convulsii, toleran\u021b\u0103 redus\u0103 la glucoz\u0103, anemie, tulbur\u0103ri ale func\u021biei nervoase, cr\u0103p\u0103turi ale buzelor \u0219i limbii, precum \u0219i seboree \u0219i eczeme.<\/span><span data-ccp-props=\"{&quot;134233117&quot;:false,&quot;134233118&quot;:false,&quot;335551550&quot;:1,&quot;335551620&quot;:1,&quot;335559738&quot;:240,&quot;335559739&quot;:240}\">\u00a0<\/span><\/p>\n<p><span data-contrast=\"auto\">Piridoxina men\u021bine echilibrul de potasiu \u0219i sodiu, poate ajuta, de asemenea, cu problema reten\u021biei de lichide \u00een organism, \u0219i \u00een metabolismul carbohidra\u021bilor, gr\u0103similor \u0219i proteinelor.<\/span><span data-ccp-props=\"{&quot;134233117&quot;:false,&quot;134233118&quot;:false,&quot;335551550&quot;:1,&quot;335551620&quot;:1,&quot;335559738&quot;:240,&quot;335559739&quot;:240}\">\u00a0<\/span><\/p>\n<p><span data-contrast=\"auto\">Sindromul premenstrual &#8211; O analiz\u0103 recent\u0103 a datelor din 9 studii care reprezint\u0103 940 de pacien\u021bi a constatat c\u0103 suplimentele cu doze mari de piridoxin\u0103 pot fi benefice \u00een tratamentul sindromului premenstrual, inclusiv al depresiei premenstruale.<\/span><span data-ccp-props=\"{&quot;134233117&quot;:false,&quot;134233118&quot;:false,&quot;335551550&quot;:1,&quot;335551620&quot;:1,&quot;335559738&quot;:240,&quot;335559739&quot;:240}\">\u00a0<\/span><\/p>\n<p><span data-contrast=\"auto\">Depresie &#8211; Vitamina B6 are un efect de modulare semnificativ \u0219i selectiv asupra produc\u021biei at\u00e2t a serotoninei, c\u00e2t \u0219i a GABA, neurotransmi\u021b\u0103tori care controleaz\u0103 depresia, percep\u021bia durerii \u0219i anxietatea. Nivelurile de vitamina B6 sunt adesea sc\u0103zute la femeile care iau pilule contraceptive. Este posibil ca multe milioane de oameni care iau antidepresante puternice s\u0103 sufere de depresie ca urmare a deficien\u021bei de B6.<\/span><span data-ccp-props=\"{&quot;134233117&quot;:false,&quot;134233118&quot;:false,&quot;335551550&quot;:1,&quot;335551620&quot;:1,&quot;335559738&quot;:240,&quot;335559739&quot;:240}\">\u00a0<\/span><\/p>\n<p><span data-contrast=\"auto\">Sindromul tunelului carpian &#8211; Vitamina B6 este o descoperire unic\u0103 \u00een tratamentul sindromului de tunel carpian. Un studiu clinic dublu-orb a ar\u0103tat succes \u00een tratarea a sute de pacien\u021bi care utilizeaz\u0103 suplimente de vitamina B6.<\/span><span data-ccp-props=\"{&quot;134233117&quot;:false,&quot;134233118&quot;:false,&quot;335551550&quot;:1,&quot;335551620&quot;:1,&quot;335559738&quot;:240,&quot;335559739&quot;:240}\">\u00a0<\/span><\/p>\n<p><span data-contrast=\"auto\">Grea\u021b\u0103 asociat\u0103 cu sarcina &#8211; Un studiu dublu-orb care a folosit piridoxin\u0103 (25 mg la fiecare opt ore timp de trei zile) pentru a trata gre\u021burile matinale a dus la o reducere semnificativ\u0103 a v\u0103rs\u0103turilor \u0219i grea\u021b\u0103 la acele femei care s-au pl\u00e2ns de aceasta.<\/span><span data-ccp-props=\"{&quot;134233117&quot;:false,&quot;134233118&quot;:false,&quot;335551550&quot;:1,&quot;335551620&quot;:1,&quot;335559738&quot;:240,&quot;335559739&quot;:240}\">\u00a0<\/span><\/p>\n<p><span data-contrast=\"auto\">Pietre la rinichi &#8211; Pietrele la rinichi cu oxalat de calciu pot fi prevenite eficient prin suplimentarea cu vitamina B6 si magneziu.Vitamina B6 reduce produc\u021bia \u0219i excre\u021bia de oxala\u021bi.<\/span><span data-ccp-props=\"{&quot;134233117&quot;:false,&quot;134233118&quot;:false,&quot;335551550&quot;:1,&quot;335551620&quot;:1,&quot;335559738&quot;:240,&quot;335559739&quot;:240}\">\u00a0<\/span><\/p>\n<p><span data-contrast=\"auto\">CE FACE COMPLEXUL?<\/span><span data-ccp-props=\"{&quot;134233117&quot;:false,&quot;134233118&quot;:false,&quot;335551550&quot;:1,&quot;335551620&quot;:1,&quot;335559738&quot;:240,&quot;335559739&quot;:240}\">\u00a0<\/span><\/p>\n<p><span data-contrast=\"auto\">Vitaminele B6, B1, B2 \u0219i magneziul contribuie la metabolismul normal \u0219i la metabolismul energetic.<\/span><span data-ccp-props=\"{&quot;134233117&quot;:false,&quot;134233118&quot;:false,&quot;335551550&quot;:1,&quot;335551620&quot;:1,&quot;335559738&quot;:240,&quot;335559739&quot;:240}\">\u00a0<\/span><\/p>\n<p><span data-contrast=\"auto\">Vitaminele B6, B2 \u0219i magneziul contribuie la reducerea oboselii \u0219i a oboselii<\/span><span data-ccp-props=\"{&quot;134233117&quot;:false,&quot;134233118&quot;:false,&quot;335551550&quot;:1,&quot;335551620&quot;:1,&quot;335559738&quot;:240,&quot;335559739&quot;:240}\">\u00a0<\/span><\/p>\n<p><span data-contrast=\"auto\">Vitaminele B6, B1, B2 \u0219i magneziul\u00a0contribuie la func\u021bionarea normal\u0103 a sistemului nervos<\/span><span data-ccp-props=\"{&quot;134233117&quot;:false,&quot;134233118&quot;:false,&quot;335551550&quot;:1,&quot;335551620&quot;:1,&quot;335559738&quot;:240,&quot;335559739&quot;:240}\">\u00a0<\/span><\/p>\n<p><span data-contrast=\"auto\">Vitaminele B6, B1 \u0219i magneziul\u00a0contribuie la func\u021bia psihologic\u0103 normal\u0103<\/span><span data-ccp-props=\"{&quot;134233117&quot;:false,&quot;134233118&quot;:false,&quot;335551550&quot;:1,&quot;335551620&quot;:1,&quot;335559738&quot;:240,&quot;335559739&quot;:240}\">\u00a0<\/span><\/p>\n<p><span data-contrast=\"auto\">Vitaminele B6 \u0219i B2\u00a0contribuie la men\u021binerea normal\u0103 a globulelor ro\u0219ii<\/span><span data-ccp-props=\"{&quot;134233117&quot;:false,&quot;134233118&quot;:false,&quot;335551550&quot;:1,&quot;335551620&quot;:1,&quot;335559738&quot;:240,&quot;335559739&quot;:240}\">\u00a0<\/span><\/p>\n<p><span data-contrast=\"auto\">Vitamina B6\u00a0contribuie la metabolismul normal al homocisteinei<\/span><span data-ccp-props=\"{&quot;134233117&quot;:false,&quot;134233118&quot;:false,&quot;335551550&quot;:1,&quot;335551620&quot;:1,&quot;335559738&quot;:240,&quot;335559739&quot;:240}\">\u00a0<\/span><\/p>\n<p><span data-contrast=\"auto\">Vitamina B6\u00a0contribuie la reglarea activit\u0103\u021bii hormonale<\/span><span data-ccp-props=\"{&quot;134233117&quot;:false,&quot;134233118&quot;:false,&quot;335551550&quot;:1,&quot;335551620&quot;:1,&quot;335559738&quot;:240,&quot;335559739&quot;:240}\">\u00a0<\/span><\/p>\n<p><span data-contrast=\"auto\">Vitamina B6\u00a0contribuie la sinteza normal\u0103 a cisteinei<\/span><span data-ccp-props=\"{&quot;134233117&quot;:false,&quot;134233118&quot;:false,&quot;335551550&quot;:1,&quot;335551620&quot;:1,&quot;335559738&quot;:240,&quot;335559739&quot;:240}\">\u00a0<\/span><\/p>\n<p><span data-contrast=\"auto\">Vitamina B6\u00a0contribuie la metabolismul normal al proteinelor \u0219i al glicogenului<\/span><span data-ccp-props=\"{&quot;134233117&quot;:false,&quot;134233118&quot;:false,&quot;335551550&quot;:1,&quot;335551620&quot;:1,&quot;335559738&quot;:240,&quot;335559739&quot;:240}\">\u00a0<\/span><\/p>\n<p><strong>F\u0103r\u0103 excipien\u021bi &#8211; Vitamina B6 PURE (P5P).\u00a0<\/strong><\/p>\n<p><span data-contrast=\"auto\">Complexul nostru de vitamina B6 vine sub form\u0103 de capsule de celuloz\u0103 vegetal\u0103. Acest lucru ne permite s\u0103 oferim un supliment care nu necesit\u0103 substan\u021be chimice inutile, umpluturi, lian\u021bi sau excipien\u021bi nenaturali. Capsula de celuloz\u0103 vegetal\u0103 este special formulat\u0103 pentru a descompune \u00een mod natural acidul din stomac, permi\u021b\u00e2nd absorb\u021bia nutrien\u021bilor \u00een timpul digestiei.<\/span><span data-ccp-props=\"{&quot;134233117&quot;:false,&quot;134233118&quot;:false,&quot;335551550&quot;:1,&quot;335551620&quot;:1,&quot;335559738&quot;:240,&quot;335559739&quot;:240}\">\u00a0<\/span><\/p>\n<p><strong>Avertizare:<\/strong><span data-ccp-props=\"{&quot;134233117&quot;:false,&quot;134233118&quot;:false,&quot;335551550&quot;:1,&quot;335551620&quot;:1,&quot;335559738&quot;:240,&quot;335559739&quot;:240}\">\u00a0<\/span><\/p>\n<p><span data-contrast=\"auto\">Nu dep\u0103\u0219i\u021bi doza recomandat\u0103.<\/span><span data-ccp-props=\"{&quot;134233117&quot;:false,&quot;134233118&quot;:false,&quot;335551550&quot;:1,&quot;335551620&quot;:1,&quot;335559738&quot;:240,&quot;335559739&quot;:240}\">\u00a0<\/span><\/p>\n<p><span data-contrast=\"auto\">Suplimentul alimentar nu trebuie folosit ca \u00eenlocuitor al unei alimenta\u021bii variate \u0219i echilibrate \u0219i al unui stil de via\u021b\u0103 s\u0103n\u0103tos.<\/span><span data-ccp-props=\"{&quot;134233117&quot;:false,&quot;134233118&quot;:false,&quot;335551550&quot;:1,&quot;335551620&quot;:1,&quot;335559738&quot;:240,&quot;335559739&quot;:240}\">\u00a0<\/span><\/p>\n<p><span data-contrast=\"auto\">A se p\u0103stra \u00eentr-un loc r\u0103coros, uscat, la \u00eendem\u00e2na copiilor.<\/span><span data-ccp-props=\"{&quot;134233117&quot;:false,&quot;134233118&quot;:false,&quot;335551550&quot;:1,&quot;335551620&quot;:1,&quot;335559738&quot;:240,&quot;335559739&quot;:240}\">\u00a0<\/span><\/p>\n<p><span data-contrast=\"auto\"><strong>Aten\u021bie<\/strong>:\u00a0femeile \u00eens\u0103rcinate \u0219i care al\u0103pteaz\u0103 nu trebuie s\u0103 ia mai mult de 100 mg de vitamina B6 pe zi f\u0103r\u0103 supraveghere medical\u0103. Dozele mari \u0219i utilizarea pe termen lung a vitaminei B6 nu trebuie efectuate f\u0103r\u0103 supraveghere medical\u0103.<\/span><span data-ccp-props=\"{&quot;134233117&quot;:false,&quot;134233118&quot;:false,&quot;335551550&quot;:1,&quot;335551620&quot;:1,&quot;335559738&quot;:240,&quot;335559739&quot;:240}\">\u00a0<\/span><\/p>\n<p><span data-contrast=\"auto\">Consumul pe termen lung a 100 mg de vitamina B6 poate duce la furnic\u0103turi u\u0219oare \u0219i amor\u021beal\u0103.<\/span><span data-ccp-props=\"{&quot;134233117&quot;:false,&quot;134233118&quot;:false,&quot;335551550&quot;:1,&quot;335551620&quot;:1,&quot;335559738&quot;:240,&quot;335559739&quot;:240}\">\u00a0<\/span><\/p>\n<p><span data-contrast=\"auto\"><strong>Nu con\u021bine:<\/strong>\u00a0OMG, gluten, gr\u00e2u, lactoz\u0103, zaharuri ad\u0103ugate, conservan\u021bi artificiali sau coloran\u021bi.<\/span><span data-ccp-props=\"{&quot;134233117&quot;:false,&quot;134233118&quot;:false,&quot;335551550&quot;:1,&quot;335551620&quot;:1,&quot;335559738&quot;:240,&quot;335559739&quot;:240}\">\u00a0<\/span><\/p>\n<p><span data-contrast=\"auto\">Potrivit pentru vegani. Certificatul Rabin Adler Kosher.<\/span><span data-ccp-props=\"{&quot;134233117&quot;:false,&quot;134233118&quot;:false,&quot;335551550&quot;:1,&quot;335551620&quot;:1,&quot;335559738&quot;:240,&quot;335559739&quot;:240}\">\u00a0<\/span><\/p>\n<\/div>\n<p><\/p>","protected":false},"excerpt":{"rendered":"<ul>\n<li data-leveltext=\"\uf0b7\" data-font=\"Symbol\" data-listid=\"1\" data-list-defn-props=\"{&quot;335552541&quot;:1,&quot;335559685&quot;:720,&quot;335559991&quot;:360,&quot;469769226&quot;:&quot;Symbol&quot;,&quot;469769242&quot;:[8226],&quot;469777803&quot;:&quot;left&quot;,&quot;469777804&quot;:&quot;\uf0b7&quot;,&quot;469777815&quot;:&quot;hybridMultilevel&quot;}\" data-aria-posinset=\"57\" data-aria-level=\"1\"><span data-contrast=\"auto\">Normalizeaz\u0103 func\u021bia biliar\u0103 a ficatului<\/span><span data-ccp-props=\"{&quot;134233117&quot;:false,&quot;134233118&quot;:false,&quot;335551550&quot;:1,&quot;335551620&quot;:1,&quot;335559738&quot;:0,&quot;335559739&quot;:0}\">\u00a0<\/span><\/li>\n<li data-leveltext=\"\uf0b7\" data-font=\"Symbol\" data-listid=\"1\" data-list-defn-props=\"{&quot;335552541&quot;:1,&quot;335559685&quot;:720,&quot;335559991&quot;:360,&quot;469769226&quot;:&quot;Symbol&quot;,&quot;469769242&quot;:[8226],&quot;469777803&quot;:&quot;left&quot;,&quot;469777804&quot;:&quot;\uf0b7&quot;,&quot;469777815&quot;:&quot;hybridMultilevel&quot;}\" data-aria-posinset=\"57\" data-aria-level=\"1\"><span data-contrast=\"auto\">Reduce oboseala<\/span><span data-ccp-props=\"{&quot;134233117&quot;:false,&quot;134233118&quot;:false,&quot;335551550&quot;:1,&quot;335551620&quot;:1,&quot;335559738&quot;:0,&quot;335559739&quot;:0}\">\u00a0<\/span><\/li>\n<li data-leveltext=\"\uf0b7\" data-font=\"Symbol\" data-listid=\"1\" data-list-defn-props=\"{&quot;335552541&quot;:1,&quot;335559685&quot;:720,&quot;335559991&quot;:360,&quot;469769226&quot;:&quot;Symbol&quot;,&quot;469769242&quot;:[8226],&quot;469777803&quot;:&quot;left&quot;,&quot;469777804&quot;:&quot;\uf0b7&quot;,&quot;469777815&quot;:&quot;hybridMultilevel&quot;}\" data-aria-posinset=\"57\" data-aria-level=\"1\"><span data-contrast=\"auto\">Normalizeaz\u0103 func\u021bionarea sistemului nervos \u0219i func\u021bia psihologic\u0103, \u00eembun\u0103t\u0103\u021be\u0219te starea unei persoane \u00een timpul depresiei<\/span><span data-ccp-props=\"{&quot;134233117&quot;:false,&quot;134233118&quot;:false,&quot;335551550&quot;:1,&quot;335551620&quot;:1,&quot;335559738&quot;:0,&quot;335559739&quot;:0}\">\u00a0<\/span><\/li>\n<li data-leveltext=\"\uf0b7\" data-font=\"Symbol\" data-listid=\"1\" data-list-defn-props=\"{&quot;335552541&quot;:1,&quot;335559685&quot;:720,&quot;335559991&quot;:360,&quot;469769226&quot;:&quot;Symbol&quot;,&quot;469769242&quot;:[8226],&quot;469777803&quot;:&quot;left&quot;,&quot;469777804&quot;:&quot;\uf0b7&quot;,&quot;469777815&quot;:&quot;hybridMultilevel&quot;}\" data-aria-posinset=\"57\" data-aria-level=\"1\"><span data-contrast=\"auto\">Regleaz\u0103 activitatea hormonal\u0103<\/span><span data-ccp-props=\"{&quot;134233117&quot;:false,&quot;134233118&quot;:false,&quot;335551550&quot;:1,&quot;335551620&quot;:1,&quot;335559738&quot;:0,&quot;335559739&quot;:0}\">\u00a0<\/span><\/li>\n<li data-leveltext=\"\uf0b7\" data-font=\"Symbol\" data-listid=\"1\" data-list-defn-props=\"{&quot;335552541&quot;:1,&quot;335559685&quot;:720,&quot;335559991&quot;:360,&quot;469769226&quot;:&quot;Symbol&quot;,&quot;469769242&quot;:[8226],&quot;469777803&quot;:&quot;left&quot;,&quot;469777804&quot;:&quot;\uf0b7&quot;,&quot;469777815&quot;:&quot;hybridMultilevel&quot;}\" data-aria-posinset=\"57\" data-aria-level=\"1\"><span data-contrast=\"auto\">Normalizeaz\u0103 metabolismul \u0219i metabolismul energetic.<\/span><span data-ccp-props=\"{&quot;134233117&quot;:false,&quot;134233118&quot;:false,&quot;335551550&quot;:1,&quot;335551620&quot;:1,&quot;335559738&quot;:0,&quot;335559739&quot;:0}\">\u00a0<\/span><\/li>\n<li data-leveltext=\"\uf0b7\" data-font=\"Symbol\" data-listid=\"1\" data-list-defn-props=\"{&quot;335552541&quot;:1,&quot;335559685&quot;:720,&quot;335559991&quot;:360,&quot;469769226&quot;:&quot;Symbol&quot;,&quot;469769242&quot;:[8226],&quot;469777803&quot;:&quot;left&quot;,&quot;469777804&quot;:&quot;\uf0b7&quot;,&quot;469777815&quot;:&quot;hybridMultilevel&quot;}\" data-aria-posinset=\"57\" data-aria-level=\"1\"><span data-contrast=\"auto\">Previne apari\u021bia pietrelor la rinichi<\/span><span data-ccp-props=\"{&quot;134233117&quot;:false,&quot;134233118&quot;:false,&quot;335551550&quot;:1,&quot;335551620&quot;:1,&quot;335559738&quot;:0,&quot;335559739&quot;:0}\">\u00a0<\/span><\/li>\n<li data-leveltext=\"\uf0b7\" data-font=\"Symbol\" data-listid=\"1\" data-list-defn-props=\"{&quot;335552541&quot;:1,&quot;335559685&quot;:720,&quot;335559991&quot;:360,&quot;469769226&quot;:&quot;Symbol&quot;,&quot;469769242&quot;:[8226],&quot;469777803&quot;:&quot;left&quot;,&quot;469777804&quot;:&quot;\uf0b7&quot;,&quot;469777815&quot;:&quot;hybridMultilevel&quot;}\" data-aria-posinset=\"57\" data-aria-level=\"1\"><span data-contrast=\"auto\">Normalizeaz\u0103 func\u021bionarea sistemului cardiovascular<\/span><span data-ccp-props=\"{&quot;134233117&quot;:false,&quot;134233118&quot;:false,&quot;335551550&quot;:1,&quot;335551620&quot;:1,&quot;335559738&quot;:0,&quot;335559739&quot;:0}\">\u00a0<\/span><\/li>\n<\/ul>\n<p><span data-ccp-props=\"{&quot;134233117&quot;:false,&quot;134233118&quot;:false,&quot;201341983&quot;:0,&quot;335551550&quot;:1,&quot;335551620&quot;:1,&quot;335559685&quot;:708,&quot;335559737&quot;:0,&quot;335559738&quot;:0,&quot;335559739&quot;:160,&quot;335559740&quot;:279}\">\u00a0<\/span><\/p>\n","protected":false},"featured_media":3533,"comment_status":"open","ping_status":"closed","template":"","meta":[],"product_brand":[],"product_cat":[101,112,87,61,64,66],"product_tag":[],"class_list":{"0":"post-1631","1":"product","2":"type-product","3":"status-publish","4":"has-post-thumbnail","6":"product_cat-vitamin-b","7":"product_cat-b6","8":"product_cat-inima-si-tensiune","9":"product_cat-vegan-supplements","10":"product_cat-vitamins","11":"product_cat-health-concerns","13":"first","14":"instock","15":"taxable","16":"shipping-taxable","17":"purchasable","18":"product-type-simple"},"aioseo_notices":[],"_links":{"self":[{"href":"https:\/\/www.vitamineonline.md\/ro\/wp-json\/wp\/v2\/product\/1631","targetHints":{"allow":["GET"]}}],"collection":[{"href":"https:\/\/www.vitamineonline.md\/ro\/wp-json\/wp\/v2\/product"}],"about":[{"href":"https:\/\/www.vitamineonline.md\/ro\/wp-json\/wp\/v2\/types\/product"}],"replies":[{"embeddable":true,"href":"https:\/\/www.vitamineonline.md\/ro\/wp-json\/wp\/v2\/comments?post=1631"}],"wp:featuredmedia":[{"embeddable":true,"href":"https:\/\/www.vitamineonline.md\/ro\/wp-json\/wp\/v2\/media\/3533"}],"wp:attachment":[{"href":"https:\/\/www.vitamineonline.md\/ro\/wp-json\/wp\/v2\/media?parent=1631"}],"wp:term":[{"taxonomy":"product_brand","embeddable":true,"href":"https:\/\/www.vitamineonline.md\/ro\/wp-json\/wp\/v2\/product_brand?post=1631"},{"taxonomy":"product_cat","embeddable":true,"href":"https:\/\/www.vitamineonline.md\/ro\/wp-json\/wp\/v2\/product_cat?post=1631"},{"taxonomy":"product_tag","embeddable":true,"href":"https:\/\/www.vitamineonline.md\/ro\/wp-json\/wp\/v2\/product_tag?post=1631"}],"curies":[{"name":"wp","href":"https:\/\/api.w.org\/{rel}","templated":true}]}}