{"id":1629,"date":"2020-10-14T13:24:15","date_gmt":"2020-10-14T10:24:15","guid":{"rendered":"http:\/\/www.vitamineonline.md\/?post_type=product&#038;p=1629"},"modified":"2026-04-21T22:06:34","modified_gmt":"2026-04-21T19:06:34","slug":"pomoshh-dlja-sna-night-aid-with-5-htp-30-kapsul","status":"publish","type":"product","link":"https:\/\/www.vitamineonline.md\/ro\/product\/pomoshh-dlja-sna-night-aid-with-5-htp-30-kapsul\/","title":{"rendered":"Ajutor pentru somn (Night Aid (with 5-HTP) )- 30 capsule"},"content":{"rendered":"<p><\/p>\n<h3><strong>Compus<\/strong><\/h3>\n<table>\n<tbody>\n<tr>\n<td><b>O capsul\u0103 ofer\u0103:<\/b><\/td>\n<td><\/td>\n<td><b>RI%<\/b><\/td>\n<\/tr>\n<tr>\n<td>Carcasa capsulei: celuloz\u0103 vegetal\u0103<\/td>\n<td>120mg<\/td>\n<td>&#8211;<\/td>\n<\/tr>\n<tr>\n<td>Magneziu (bisglicinat)<\/td>\n<td>10mg<\/td>\n<td>&#8211;<\/td>\n<\/tr>\n<tr>\n<td>Mu\u0219e\u021belul (<i>Matricaria recutita<\/i>)<\/td>\n<td>100mg<\/td>\n<td>&#8211;<\/td>\n<\/tr>\n<tr>\n<td>Extract de ceai verde (L-Teanin\u0103)<\/td>\n<td>50mg<\/td>\n<td>&#8211;<\/td>\n<\/tr>\n<tr>\n<td>Extract de rojeal\u0103 (4:1)<br \/>\n(acid rosomarinic)<\/td>\n<td>50mg<\/td>\n<td>&#8211;<\/td>\n<\/tr>\n<tr>\n<td>L-Triptofan<\/td>\n<td>50mg<\/td>\n<td>&#8211;<\/td>\n<\/tr>\n<tr>\n<td>Extract de ciuperci Reishi 10:1<br \/>\n(<i>Ganoderma lucidum<\/i>)<\/td>\n<td>50mg<\/td>\n<td>&#8211;<\/td>\n<\/tr>\n<tr>\n<td>Extract<br \/>\nde Ashwagandha (<i>Withania somnifera<\/i>)<\/td>\n<td>50mg<\/td>\n<td>&#8211;<\/td>\n<\/tr>\n<tr>\n<td>Extract de hamei 4:1 (<i>Humulis lupulus<\/i>)<\/td>\n<td>50mg<\/td>\n<td>&#8211;<\/td>\n<\/tr>\n<tr>\n<td>Extract de fructe de p\u0103dure Schisandra<\/td>\n<td>50mg<\/td>\n<td>&#8211;<\/td>\n<\/tr>\n<tr>\n<td>Maca (<i>Lepidum meyenii<\/i>)<\/td>\n<td>50mg<\/td>\n<td>&#8211;<\/td>\n<\/tr>\n<tr>\n<td>Inositol<\/td>\n<td>25mg<\/td>\n<td>&#8211;<\/td>\n<\/tr>\n<tr>\n<td>Vitamina B6 (Piridoxin\u0103 HCl)<\/td>\n<td>1,5mg<\/td>\n<td>107<\/td>\n<\/tr>\n<tr>\n<td>Seleniu (L-selenometionin\u0103)<\/td>\n<td>55\u03bcg<\/td>\n<td>100<\/td>\n<\/tr>\n<tr>\n<td>Ingrediente suplimentare:<br \/>\nmaltodextrin\u0103,<br \/>\nfosfat de calciu<\/td>\n<td><\/td>\n<td><\/td>\n<\/tr>\n<\/tbody>\n<\/table>\n<p>Instruc\u021biuni: Lua\u021bi 1 capsul\u0103 pe zi dup\u0103 ultima mas\u0103 principal\u0103 sau conform indica\u021biilor unui profesionist din domeniul s\u0103n\u0103t\u0103\u021bii. Potrivit pentru vegetarieni \u0219i vegani, f\u0103r\u0103 alergeni.<\/p>\n<p>Amestecul unic Sleep Aid este un amestec de 6 ingrediente naturale care \u00eembun\u0103t\u0103\u021besc \u0219i restabilesc un somn s\u0103n\u0103tos.<\/p>\n<p>Ac\u021biunea amestecului \u201eAjutor pentru somn\u201d:<\/p>\n<p>Vitamina B6 contribuie la metabolismul normal al homocisteinei<br \/>\nVitamina B6 contribuie la func\u021bionarea normal\u0103 a globulelor ro\u0219ii<br \/>\nVitamina B6 ajut\u0103 la reglarea activit\u0103\u021bii hormonale<br \/>\nSeleniul contribuie la func\u021bionarea normal\u0103 a tiroidei<br \/>\nSeleniul ajut\u0103 la protejarea celulelor de stresul oxidativ.<br \/>\nMagneziul contribuie la func\u021bionarea normal\u0103 a mu\u0219chilor<br \/>\nMagneziul contribuie la echilibrul electrolitic<br \/>\nMagneziul contribuie la sinteza normal\u0103 a proteinelor<br \/>\nMagneziul \u0219i vitamina B6 contribuie la metabolismul normal<br \/>\nMagneziul \u0219i vitamina B6 contribuie la func\u021bionarea normal\u0103 a sistemului nervos \u0219i la func\u021bia psihologic\u0103<br \/>\nSeleniul \u0219i vitamina B6 contribuie la func\u021bionarea normal\u0103 a sistemului imunitar<\/p>\n<p>Avertizare:<\/p>\n<p>Nu este recomandat femeilor \u00eens\u0103rcinate.<br \/>\nNu dep\u0103\u0219i\u021bi doza recomandat\u0103.<br \/>\nSuplimentul alimentar nu trebuie utilizat ca \u00eenlocuitor al unei alimenta\u021bii variate \u0219i echilibrate \u0219i al unui stil de via\u021b\u0103 s\u0103n\u0103tos.<br \/>\nA se p\u0103stra \u00eentr-un loc r\u0103coros, uscat, la \u00eendem\u00e2na copiilor.<\/p>\n<p>Nu con\u021bine:\u00a0gluten, gr\u00e2u, lactoz\u0103, zah\u0103r ad\u0103ugat, conservan\u021bi artificiali sau coloran\u021bi.<\/p>","protected":false},"excerpt":{"rendered":"<ul>\n<li>Calmeaz\u0103 \u0219i \u00eembun\u0103t\u0103\u021be\u0219te somnul<\/li>\n<li>\u00cembun\u0103t\u0103\u021be\u0219te performan\u021ba<\/li>\n<li>\u00cembun\u0103t\u0103\u021be\u0219te memoria<\/li>\n<\/ul>\n","protected":false},"featured_media":3521,"comment_status":"open","ping_status":"closed","template":"","meta":[],"product_brand":[],"product_cat":[67,66,60],"product_tag":[],"class_list":{"0":"post-1629","1":"product","2":"type-product","3":"status-publish","4":"has-post-thumbnail","6":"product_cat-new-supplements","7":"product_cat-health-concerns","8":"product_cat-superfoods","10":"first","11":"instock","12":"taxable","13":"shipping-taxable","14":"purchasable","15":"product-type-simple"},"aioseo_notices":[],"_links":{"self":[{"href":"https:\/\/www.vitamineonline.md\/ro\/wp-json\/wp\/v2\/product\/1629","targetHints":{"allow":["GET"]}}],"collection":[{"href":"https:\/\/www.vitamineonline.md\/ro\/wp-json\/wp\/v2\/product"}],"about":[{"href":"https:\/\/www.vitamineonline.md\/ro\/wp-json\/wp\/v2\/types\/product"}],"replies":[{"embeddable":true,"href":"https:\/\/www.vitamineonline.md\/ro\/wp-json\/wp\/v2\/comments?post=1629"}],"wp:featuredmedia":[{"embeddable":true,"href":"https:\/\/www.vitamineonline.md\/ro\/wp-json\/wp\/v2\/media\/3521"}],"wp:attachment":[{"href":"https:\/\/www.vitamineonline.md\/ro\/wp-json\/wp\/v2\/media?parent=1629"}],"wp:term":[{"taxonomy":"product_brand","embeddable":true,"href":"https:\/\/www.vitamineonline.md\/ro\/wp-json\/wp\/v2\/product_brand?post=1629"},{"taxonomy":"product_cat","embeddable":true,"href":"https:\/\/www.vitamineonline.md\/ro\/wp-json\/wp\/v2\/product_cat?post=1629"},{"taxonomy":"product_tag","embeddable":true,"href":"https:\/\/www.vitamineonline.md\/ro\/wp-json\/wp\/v2\/product_tag?post=1629"}],"curies":[{"name":"wp","href":"https:\/\/api.w.org\/{rel}","templated":true}]}}