{"id":1586,"date":"2020-08-24T21:46:35","date_gmt":"2020-08-24T18:46:35","guid":{"rendered":"http:\/\/www.vitamineonline.md\/?post_type=product&#038;p=1586"},"modified":"2026-04-21T22:08:38","modified_gmt":"2026-04-21T19:08:38","slug":"gljukonat-kalija-potassium-gluconate-500-mg-120-kapsul","status":"publish","type":"product","link":"https:\/\/www.vitamineonline.md\/ro\/product\/gljukonat-kalija-potassium-gluconate-500-mg-120-kapsul\/","title":{"rendered":"Gluconat de potasiu &#8211; 120 capsule vegane"},"content":{"rendered":"<p><\/p>\n<h3><strong>Compus<\/strong><strong>:<\/strong><\/h3>\n<table>\n<tbody>\n<tr>\n<td><b>4 capsule ofer\u0103:<\/b><\/td>\n<td><\/td>\n<td><b>RI%<\/b><\/td>\n<\/tr>\n<tr>\n<td>Potasiu (gluconat)<\/td>\n<td>334mg<\/td>\n<td>17<\/td>\n<\/tr>\n<tr>\n<td>Carcasa capsulei: celuloz\u0103 vegetal\u0103<\/td>\n<td>400mg<\/td>\n<td>&#8211;<\/td>\n<\/tr>\n<\/tbody>\n<\/table>\n<h3><strong>Instruc\u021biuni:<\/strong><\/h3>\n<p>Lua\u021bi 4 capsule pe zi cu o mas\u0103 principal\u0103 sau conform indica\u021biilor unui profesionist din domeniul s\u0103n\u0103t\u0103\u021bii.<\/p>\n<p>Suliment de gluconat de potasiu care ofer\u0103 334mg de potasiu elementar de \u00eenalt\u0103 calitate la doza de 4 capsule.<\/p>\n<h3>CE ESTE POTASIUUL?<\/h3>\n<p>Potasiul este un mineral esen\u021bial care contribuie la men\u021binerea tensiunii arteriale normale, a func\u021biei musculare \u0219i a sistemului nervos.<\/p>\n<h3>CE FACE POTASIUUL?<\/h3>\n<p>Potasiul contribuie la o diet\u0103 s\u0103n\u0103toas\u0103 \u00een multe feluri. Potasiul contribuie la func\u021bionarea normal\u0103 a sistemului nervos, func\u021bia muscular\u0103 \u0219i men\u021binerea tensiunii arteriale.<\/p>\n<h3>POTRIVIT PENTRU VEGANI<\/h3>\n<p>Acest supliment este potrivit pentru vegani. Este, de asemenea, aprobat kosher \u0219i nu con\u021bine alergeni majori.<\/p>\n<h3>Sfaturi despre produse<\/h3>\n<p>Nu dep\u0103\u0219i doza recomandat\u0103 indicat\u0103. Un supliment alimentar nu ar trebui folosit ca substitut pentru o diet\u0103 variat\u0103 \u0219i echilibrat\u0103 \u0219i un stil de via\u021b\u0103 s\u0103n\u0103tos. P\u0103streaz\u0103-le \u00eentr-un loc r\u0103coros \u0219i uscat, departe de raza \u0219i raza vizual\u0103 a copiilor mici.<\/p>","protected":false},"excerpt":{"rendered":"<ul>\n<li>Regleaz\u0103 echilibrul acido-bazic al organismului<\/li>\n<li>Benefic pentru s\u0103n\u0103tatea sistemului nervos<\/li>\n<li>\u00cembun\u0103t\u0103\u021be\u0219te func\u021bia inimii<\/li>\n<li>Particip\u0103 la metabolism<\/li>\n<\/ul>\n","protected":false},"featured_media":3569,"comment_status":"open","ping_status":"closed","template":"","meta":[],"product_brand":[],"product_cat":[65,66],"product_tag":[],"class_list":{"0":"post-1586","1":"product","2":"type-product","3":"status-publish","4":"has-post-thumbnail","6":"product_cat-minerals","7":"product_cat-health-concerns","9":"first","10":"instock","11":"taxable","12":"shipping-taxable","13":"purchasable","14":"product-type-simple"},"aioseo_notices":[],"_links":{"self":[{"href":"https:\/\/www.vitamineonline.md\/ro\/wp-json\/wp\/v2\/product\/1586","targetHints":{"allow":["GET"]}}],"collection":[{"href":"https:\/\/www.vitamineonline.md\/ro\/wp-json\/wp\/v2\/product"}],"about":[{"href":"https:\/\/www.vitamineonline.md\/ro\/wp-json\/wp\/v2\/types\/product"}],"replies":[{"embeddable":true,"href":"https:\/\/www.vitamineonline.md\/ro\/wp-json\/wp\/v2\/comments?post=1586"}],"wp:featuredmedia":[{"embeddable":true,"href":"https:\/\/www.vitamineonline.md\/ro\/wp-json\/wp\/v2\/media\/3569"}],"wp:attachment":[{"href":"https:\/\/www.vitamineonline.md\/ro\/wp-json\/wp\/v2\/media?parent=1586"}],"wp:term":[{"taxonomy":"product_brand","embeddable":true,"href":"https:\/\/www.vitamineonline.md\/ro\/wp-json\/wp\/v2\/product_brand?post=1586"},{"taxonomy":"product_cat","embeddable":true,"href":"https:\/\/www.vitamineonline.md\/ro\/wp-json\/wp\/v2\/product_cat?post=1586"},{"taxonomy":"product_tag","embeddable":true,"href":"https:\/\/www.vitamineonline.md\/ro\/wp-json\/wp\/v2\/product_tag?post=1586"}],"curies":[{"name":"wp","href":"https:\/\/api.w.org\/{rel}","templated":true}]}}