{"id":1566,"date":"2020-08-17T12:50:38","date_gmt":"2020-08-17T09:50:38","guid":{"rendered":"http:\/\/www.vitamineonline.md\/?post_type=product&#038;p=1566"},"modified":"2026-04-23T13:47:13","modified_gmt":"2026-04-23T10:47:13","slug":"vitamin-s-kompleks-100-mg-120-kapsul","status":"publish","type":"product","link":"https:\/\/www.vitamineonline.md\/ro\/product\/vitamin-s-kompleks-100-mg-120-kapsul\/","title":{"rendered":"Complex de vitamina C 1000mg cu m\u0103ce\u0219e \u0219i acerola &#8211; 120 capsule vegane"},"content":{"rendered":"<p><\/p>\n<div class=\"item_label\">\n<div class=\"item_label\">\n<h3><strong>Ingrediente<\/strong><\/h3>\n<table>\n<tbody>\n<tr>\n<td><b>O capsul\u0103 ofer\u0103:<\/b><\/td>\n<td><\/td>\n<td><b>RI%<\/b><\/td>\n<\/tr>\n<tr>\n<td>Vitamina C (acid ascorbic)<\/td>\n<td>1000mg<\/td>\n<td>1,250<\/td>\n<\/tr>\n<tr>\n<td>Carcasa capsulei: celuloz\u0103 vegetal\u0103<\/td>\n<td>120mg<\/td>\n<td>&#8211;<\/td>\n<\/tr>\n<tr>\n<td>Pudr\u0103 de m\u0103ce\u0219e<\/td>\n<td>5mg<\/td>\n<td>&#8211;<\/td>\n<\/tr>\n<tr>\n<td>Pudr\u0103 de fructe Acerola<\/td>\n<td>5mg<\/td>\n<td>&#8211;<\/td>\n<\/tr>\n<tr>\n<td>Magneziu (oxid)<\/td>\n<td>3mg<\/td>\n<td>&#8211;<\/td>\n<\/tr>\n<tr>\n<td>Calciu (carbonat)<\/td>\n<td>2mg<\/td>\n<td>&#8211;<\/td>\n<\/tr>\n<\/tbody>\n<\/table>\n<p class=\"stamp\"><img loading=\"lazy\" decoding=\"async\" src=\"https:\/\/gofenice.live\/gandg\/img\/cms\/Media\/quality_ru.png\" alt=\"\" width=\"180\" height=\"85\" \/><strong>\u00a0<\/strong><strong>Mod de administrare:<\/strong>\u00a0 Lua\u021bi 1 capsul\u0103 la mas\u0103 sau conform instruc\u021biunilor unui profesionist din domeniul s\u0103n\u0103t\u0103\u021bii.<\/p>\n<h3>SUPLIMENT DE VITAMINA C DE \u00ceNALT\u0102 CONCENTRA\u021aIE<\/h3>\n<p>Amestec de \u00eenalt\u0103 concentra\u021bie de pudr\u0103 pur\u0103 de vitamina C (acid ascorbic), cire\u0219e acerola \u0219i m\u0103ce\u0219e, \u00eentr-o capsul\u0103 de celuloz\u0103 vegetal\u0103. Acerola \u0219i m\u0103ce\u0219ele sunt incluse pentru con\u021binutul lor natural ridicat de vitamina C, \u00eempreun\u0103 cu bioflavonoidele, care \u00eembun\u0103t\u0103\u021besc absorb\u021bia \u0219i eficacitatea vitaminei C.<\/p>\n<hr \/>\n<h3>CE ESTE VITAMINA C?<\/h3>\n<p>Vitamina C este solubil\u0103 \u00een ap\u0103, ceea ce \u00eenseamn\u0103 c\u0103 organismul nu o poate stoca, spre deosebire de al\u021bi nutrien\u021bi. Vitamina C este un antioxidant puternic \u0219i contribuie la func\u021bionarea normal\u0103 a unei serii de ac\u021biuni pe care organismul le \u00eentreprinde.<\/p>\n<hr \/>\n<h3>CE FACE VITAMINA C?<\/h3>\n<p>Vitamina C contribuie la o diet\u0103 s\u0103n\u0103toas\u0103 \u00een multe feluri. Aceasta include func\u021bionarea normal\u0103 a sistemului imunitar \u00een timpul \u0219i dup\u0103 exerci\u021bii fizice \u0219i func\u021bionarea normal\u0103 a sistemului nervos. Vitamina C contribuie, de asemenea, la formarea colagenului pentru func\u021bionarea normal\u0103 a vaselor de s\u00e2nge, cartilajului, oaselor, gingiilor, pielii \u0219i din\u021bilor. Vitamina C poate contribui, de asemenea, la protejarea celulelor \u00eempotriva stresului oxidativ, reducerea oboselii.<\/p>\n<hr \/>\n<h3>POTRIVIT PENTRU VEGANI<\/h3>\n<p>Acest supliment este potrivit pentru vegani. De asemenea, este aprobat kosher \u0219i nu con\u021bine alergeni majori.<\/p>\n<p><strong>Avertizare:<\/strong><\/p>\n<p>Nu dep\u0103\u0219i\u021bi doza recomandat\u0103 declarat\u0103.<\/p>\n<p>Un supliment alimentar nu trebuie utilizat ca \u00eenlocuitor pentru o diet\u0103 variat\u0103 \u0219i echilibrat\u0103 \u0219i un stil de via\u021b\u0103 s\u0103n\u0103tos.<\/p>\n<p>A se p\u0103stra \u00eentr-un loc r\u0103coros \u0219i uscat, la \u00eendem\u00e2na \u0219i vederea copiilor mici.<\/p>\n<p><b>Mai mult de 1000 mg de vitamina C pot provoca tulbur\u0103ri u\u0219oare de stomac la persoanele sensibile.<\/b><\/p>\n<\/div>\n<\/div>\n<p><\/p>","protected":false},"excerpt":{"rendered":"<ul>\n<li>\u00cent\u0103re\u0219te sistemul imunitar al organismului<\/li>\n<li>Normalizeaz\u0103 func\u021bionarea sistemului nervos \u0219i a func\u021biilor psihologice<\/li>\n<li>Promoveaz\u0103 formarea de colagen pentru func\u021bionarea normal\u0103 a vaselor de s\u00e2nge, cartilajelor, oaselor, gingiilor, pielii \u0219i din\u021bilor<\/li>\n<li>Antioxidant, protejeaz\u0103 celulele de stresul oxidativ<\/li>\n<li>Reduce oboseala<\/li>\n<\/ul>\n","protected":false},"featured_media":3551,"comment_status":"open","ping_status":"closed","template":"","meta":[],"product_brand":[],"product_cat":[102,84,39,68,61,64,42,66,60],"product_tag":[],"class_list":{"0":"post-1566","1":"product","2":"type-product","3":"status-publish","4":"has-post-thumbnail","6":"product_cat-vitamin-c","7":"product_cat-imunitate","8":"product_cat-antioxidants","9":"product_cat-best-sellers","10":"product_cat-vegan-supplements","11":"product_cat-vitamins","12":"product_cat-daily-packs","13":"product_cat-health-concerns","14":"product_cat-superfoods","16":"first","17":"instock","18":"taxable","19":"shipping-taxable","20":"purchasable","21":"product-type-simple"},"aioseo_notices":[],"_links":{"self":[{"href":"https:\/\/www.vitamineonline.md\/ro\/wp-json\/wp\/v2\/product\/1566","targetHints":{"allow":["GET"]}}],"collection":[{"href":"https:\/\/www.vitamineonline.md\/ro\/wp-json\/wp\/v2\/product"}],"about":[{"href":"https:\/\/www.vitamineonline.md\/ro\/wp-json\/wp\/v2\/types\/product"}],"replies":[{"embeddable":true,"href":"https:\/\/www.vitamineonline.md\/ro\/wp-json\/wp\/v2\/comments?post=1566"}],"wp:featuredmedia":[{"embeddable":true,"href":"https:\/\/www.vitamineonline.md\/ro\/wp-json\/wp\/v2\/media\/3551"}],"wp:attachment":[{"href":"https:\/\/www.vitamineonline.md\/ro\/wp-json\/wp\/v2\/media?parent=1566"}],"wp:term":[{"taxonomy":"product_brand","embeddable":true,"href":"https:\/\/www.vitamineonline.md\/ro\/wp-json\/wp\/v2\/product_brand?post=1566"},{"taxonomy":"product_cat","embeddable":true,"href":"https:\/\/www.vitamineonline.md\/ro\/wp-json\/wp\/v2\/product_cat?post=1566"},{"taxonomy":"product_tag","embeddable":true,"href":"https:\/\/www.vitamineonline.md\/ro\/wp-json\/wp\/v2\/product_tag?post=1566"}],"curies":[{"name":"wp","href":"https:\/\/api.w.org\/{rel}","templated":true}]}}