{"id":1533,"date":"2020-07-30T11:20:43","date_gmt":"2020-07-30T08:20:43","guid":{"rendered":"http:\/\/www.vitamineonline.md\/?post_type=product&#038;p=1533"},"modified":"2026-04-21T22:14:03","modified_gmt":"2026-04-21T19:14:03","slug":"zhelezo-iron-50mg-60-kapsul","status":"publish","type":"product","link":"https:\/\/www.vitamineonline.md\/ro\/product\/zhelezo-iron-50mg-60-kapsul\/","title":{"rendered":"Fier de \u00eenalt\u0103 rezisten\u021b\u0103 (Iron 50mg) \u2014 60 capsule vegane"},"content":{"rendered":"<p><\/p>\n<h3><strong>Compus<\/strong><strong>:<\/strong><\/h3>\n<table>\n<tbody>\n<tr>\n<td><b>O capsul\u0103 ofer\u0103:<\/b><\/td>\n<td><\/td>\n<td><b>RI%<\/b><\/td>\n<\/tr>\n<tr>\n<td>Fier (bisglicinat)<\/td>\n<td>50mg<\/td>\n<td>357<\/td>\n<\/tr>\n<tr>\n<td>Lucern\u0103<\/td>\n<td>110mg<\/td>\n<td>&#8211;<\/td>\n<\/tr>\n<tr>\n<td>Carcasa capsulei: celuloz\u0103 vegetal\u0103<\/td>\n<td>100mg<\/td>\n<td>&#8211;<\/td>\n<\/tr>\n<tr>\n<td>Ingrediente suplimentare:<br \/>\nacid citric<\/td>\n<\/tr>\n<\/tbody>\n<\/table>\n<p><strong>Instruc\u021biuni: <\/strong>Lua\u021bi 1 capsul\u0103 pe zi la mas\u0103 sau conform indica\u021biilor unui profesionist din domeniul s\u0103n\u0103t\u0103\u021bii.<\/p>\n<h3>SUPLIMENT DE FIER DE \u00ceNALT\u0102 REZISTEN\u021a\u0102<\/h3>\n<p>Suplimentul mineral de fier ofer\u0103 50 mg de fier element \u00eentr-o capsul\u0103 de celuloz\u0103 vegetal\u0103.<\/p>\n<hr \/>\n<h3>CE ESTE FIERUL?<\/h3>\n<p>Fierul este un mineral esen\u021bial necesar vie\u021bii. Fierul este necesar pentru producerea hemoglobinei, mioglobinei \u0219i a anumitor enzime.<\/p>\n<hr \/>\n<h3>CHELAT PENTRU O MAI BUN\u0102 ABSORB\u021aIE<\/h3>\n<p>Bisglicinatul de fier este o form\u0103 de fier \u00een care fierul este legat (chelat) de aminoacidul glicin\u0103. Aceast\u0103 chelare \u00eembun\u0103t\u0103\u021be\u0219te absorb\u021bia fierului de c\u0103tre organism.<\/p>\n<hr \/>\n<h3>CE FACE FIERUL?<\/h3>\n<p>Fierul contribuie la o diet\u0103 s\u0103n\u0103toas\u0103 \u00een multe feluri. Aceasta include contribu\u021bia la func\u021bia cognitiv\u0103 normal\u0103, metabolismul energetic \u0219i reducerea oboselii \u0219i a oboselii. Fierul contribuie, de asemenea, la func\u021bionarea normal\u0103 a sistemului imunitar. Fierul contribuie la formarea normal\u0103 a globulelor ro\u0219ii \u0219i a hemoglobinei, transportul oxigenului \u00een organism \u0219i are un rol de jucat \u00een procesul de diviziune celular\u0103.<\/p>\n<hr \/>\n<h3>POTRIVIT PENTRU VEGANI<\/h3>\n<p>Acest supliment este potrivit pentru vegani. De asemenea, este aprobat kosher \u0219i nu con\u021bine alergeni majori.<\/p>\n<h3><strong>Avertizare:<\/strong><\/h3>\n<p><b>50 mg de fier este destinat numai utiliz\u0103rii pe termen scurt.<\/b><\/p>\n<p>Nu dep\u0103\u0219i\u021bi doza recomandat\u0103 declarat\u0103. Un supliment alimentar nu trebuie utilizat ca substitut pentru o diet\u0103 variat\u0103 sau un stil de via\u021b\u0103 s\u0103n\u0103tos. A se p\u0103stra \u00eentr-un loc r\u0103coros \u0219i uscat, la \u00eendem\u00e2na \u0219i vederea copiilor mici.<\/p>","protected":false},"excerpt":{"rendered":"<ul>\n<li>Particip\u0103 la sinteza hemoglobinei<\/li>\n<li>\u00cent\u0103rie\u0219te sistemul imunitar<\/li>\n<li>Particip\u0103 la producerea de energie, previne oboseala<\/li>\n<\/ul>\n","protected":false},"featured_media":3627,"comment_status":"open","ping_status":"closed","template":"","meta":[],"product_brand":[],"product_cat":[65,68,60],"product_tag":[],"class_list":{"0":"post-1533","1":"product","2":"type-product","3":"status-publish","4":"has-post-thumbnail","6":"product_cat-minerals","7":"product_cat-best-sellers","8":"product_cat-superfoods","10":"first","11":"instock","12":"taxable","13":"shipping-taxable","14":"purchasable","15":"product-type-simple"},"aioseo_notices":[],"_links":{"self":[{"href":"https:\/\/www.vitamineonline.md\/ro\/wp-json\/wp\/v2\/product\/1533","targetHints":{"allow":["GET"]}}],"collection":[{"href":"https:\/\/www.vitamineonline.md\/ro\/wp-json\/wp\/v2\/product"}],"about":[{"href":"https:\/\/www.vitamineonline.md\/ro\/wp-json\/wp\/v2\/types\/product"}],"replies":[{"embeddable":true,"href":"https:\/\/www.vitamineonline.md\/ro\/wp-json\/wp\/v2\/comments?post=1533"}],"wp:featuredmedia":[{"embeddable":true,"href":"https:\/\/www.vitamineonline.md\/ro\/wp-json\/wp\/v2\/media\/3627"}],"wp:attachment":[{"href":"https:\/\/www.vitamineonline.md\/ro\/wp-json\/wp\/v2\/media?parent=1533"}],"wp:term":[{"taxonomy":"product_brand","embeddable":true,"href":"https:\/\/www.vitamineonline.md\/ro\/wp-json\/wp\/v2\/product_brand?post=1533"},{"taxonomy":"product_cat","embeddable":true,"href":"https:\/\/www.vitamineonline.md\/ro\/wp-json\/wp\/v2\/product_cat?post=1533"},{"taxonomy":"product_tag","embeddable":true,"href":"https:\/\/www.vitamineonline.md\/ro\/wp-json\/wp\/v2\/product_tag?post=1533"}],"curies":[{"name":"wp","href":"https:\/\/api.w.org\/{rel}","templated":true}]}}