{"id":1526,"date":"2020-07-30T00:53:36","date_gmt":"2020-07-29T21:53:36","guid":{"rendered":"http:\/\/www.vitamineonline.md\/?post_type=product&#038;p=1526"},"modified":"2026-02-17T01:31:15","modified_gmt":"2026-02-16T22:31:15","slug":"vitamin-d3-1000iu-120-kapsul","status":"publish","type":"product","link":"https:\/\/www.vitamineonline.md\/ro\/product\/vitamin-d3-1000iu-120-kapsul\/","title":{"rendered":"Vitamina D3 1000iu &#8211; 120 capsule vegane"},"content":{"rendered":"<p><\/p>\n<div class=\"item_label\">\n<h3><strong>Ingrediente<\/strong><\/h3>\n<table>\n<tbody>\n<tr>\n<td><b>O capsul\u0103 ofer\u0103:<\/b><\/td>\n<td><\/td>\n<td><b>RI%<\/b><\/td>\n<\/tr>\n<tr>\n<td>Alfalfa<\/td>\n<td>90mg<\/td>\n<td>&#8211;<\/td>\n<\/tr>\n<tr>\n<td>Carcasa capsulei: celuloz\u0103 vegetal\u0103<\/td>\n<td>40mg<\/td>\n<td>&#8211;<\/td>\n<\/tr>\n<tr>\n<td>Vitamina D (vegan\u0103) 1000iu<br \/>\n(sirop de porumb, gum\u0103 arab\u0103, ulei<br \/>\nde vitamina D3 (D alfa tocoferol, ulei de cocos frac\u021bionat,<br \/>\nlichen etc.), dioxid de siliciu,<br \/>\nascorbat de sodiu)<\/td>\n<td valign=\"top\">25\u03bcg<\/td>\n<td valign=\"top\">500<\/td>\n<\/tr>\n<\/tbody>\n<\/table>\n<p><strong>Utilizare:<\/strong> 1 capsul\u0103 pe zi in timpul mesei sau conform indica\u021biilor unui profesionist din domeniul s\u0103n\u0103t\u0103\u021bii. Potrivit pentru vegani. Certificat Kosher Rabbi Adler.<\/p>\n<p>Vitamina D3 vegan\u0103 1000 iu.<\/p>\n<p>Un supliment vegan de vitamina D3 care con\u021bine 1000 iu de vitamina D derivat\u0103 din lichen natural care con\u021bine cantit\u0103\u021bi concentrate de vitamina D3.<\/p>\n<p>CE ESTE VITAMINA D3?<\/p>\n<p>Vitamina D3 este o vitamin\u0103 liposolubil\u0103 care poate proveni din alimente sau poate fi produs\u0103 de organism atunci cand lumina soarelui atinge pielea. Acest nutrient important joac\u0103 un rol critic \u00een men\u021binerea s\u0103n\u0103t\u0103\u021bii oaselor, a sistemului imunitar \u0219i \u00een reglarea nivelului de calciu \u0219i fosfor din organism. Studiile recente au ar\u0103tat c\u0103 aportul de vitamina D trebuie monitorizat cu aten\u021bie. Mul\u021bi oameni au deficit de vitamina D din cauza expunerii insuficiente la soare, ceea ce poate duce la probleme grave de s\u0103n\u0103tate.<\/p>\n<p>PENTRU CE AI NEVOIE DE VITAMINA D3?<\/p>\n<p>Vitamina D3 \u00eembun\u0103t\u0103\u021be\u0219te s\u0103n\u0103tatea organismului \u00een multe feluri. \u00cen special, promoveaz\u0103 func\u021bionarea normal\u0103 a sistemului imunitar, sus\u021bine <strong>cre\u0219terea \u0219i densitatea normal\u0103 a oaselor <\/strong>\u0219i men\u021bine mu\u0219chii \u0219i din\u021bii s\u0103n\u0103to\u0219i. Vitamina D3 joac\u0103, de asemenea, un rol \u00een procesul de diviziune celular\u0103. Ac\u021bion\u00e2nd ca un hormon, vitamina D \u00eembun\u0103t\u0103\u021be\u0219te reabsorb\u021bia calciului \u0219i fosforului \u00een rinichi. Vitamina poate, de asemenea, s\u0103 creasc\u0103 cantitatea de calciu din jurul articula\u021biilor deteriorate la persoanele cu gut\u0103 sau artrit\u0103 reumatoid\u0103.<\/p>\n<p>POTRIVIT PENTRU VEGANI<\/p>\n<p>Acest supliment este potrivit pentru vegani.<\/p>\n<p><strong>Nu con\u021bine:<\/strong> OMG-uri, gluten, gr\u00e2u, lactoz\u0103, zaharuri ad\u0103ugate, conservan\u021bi artificiali sau coloran\u021bi.<\/p>\n<p><strong>Avertizare:<\/strong><\/p>\n<p>Nu dep\u0103\u0219i\u021bi doza recomandat\u0103.<br \/>\nSuplimentul alimentar nu trebuie utilizat ca \u00eenlocuitor al unei alimenta\u021bii variate \u0219i echilibrate \u0219i al unui stil de via\u021b\u0103 s\u0103n\u0103tos.<br \/>\n<strong>Temperatura de depozitare recomandat\u0103 &lt; 25\u00b0C. Odat\u0103 deschis, utiliza\u021bi rapid con\u021binutul \u0219i p\u0103stra\u021bi-l sub 4\u00b0C \u00eentr-un recipient etan\u0219.<\/strong><\/p>\n<\/div>\n<p><\/p>","protected":false},"excerpt":{"rendered":"<ul>\n<li>Sus\u021bine sistemul imunitar \u0219i nervos<\/li>\n<li>Necesar pentru absorb\u021bia \u0219i metabolismul calciului \u0219i fosforului<\/li>\n<li>Important pentru oase, mu\u0219chi, din\u021bi s\u0103n\u0103to\u0219i<\/li>\n<li>Reduce riscul de boli de inima, diabet \u0219i unele tipuri de cancer<\/li>\n<li>Joac\u0103 un rol \u00een procesul de diviziune celular\u0103<\/li>\n<\/ul>\n","protected":false},"featured_media":3537,"comment_status":"open","ping_status":"closed","template":"","meta":[],"product_brand":[],"product_cat":[129,104,84,68,61,64,66,60],"product_tag":[],"class_list":{"0":"post-1526","1":"product","2":"type-product","3":"status-publish","4":"has-post-thumbnail","6":"product_cat-reduceri","7":"product_cat-vitamin-d","8":"product_cat-imunitate","9":"product_cat-best-sellers","10":"product_cat-vegan-supplements","11":"product_cat-vitamins","12":"product_cat-health-concerns","13":"product_cat-superfoods","15":"first","16":"instock","17":"sale","18":"taxable","19":"shipping-taxable","20":"purchasable","21":"product-type-simple"},"aioseo_notices":[],"_links":{"self":[{"href":"https:\/\/www.vitamineonline.md\/ro\/wp-json\/wp\/v2\/product\/1526","targetHints":{"allow":["GET"]}}],"collection":[{"href":"https:\/\/www.vitamineonline.md\/ro\/wp-json\/wp\/v2\/product"}],"about":[{"href":"https:\/\/www.vitamineonline.md\/ro\/wp-json\/wp\/v2\/types\/product"}],"replies":[{"embeddable":true,"href":"https:\/\/www.vitamineonline.md\/ro\/wp-json\/wp\/v2\/comments?post=1526"}],"wp:featuredmedia":[{"embeddable":true,"href":"https:\/\/www.vitamineonline.md\/ro\/wp-json\/wp\/v2\/media\/3537"}],"wp:attachment":[{"href":"https:\/\/www.vitamineonline.md\/ro\/wp-json\/wp\/v2\/media?parent=1526"}],"wp:term":[{"taxonomy":"product_brand","embeddable":true,"href":"https:\/\/www.vitamineonline.md\/ro\/wp-json\/wp\/v2\/product_brand?post=1526"},{"taxonomy":"product_cat","embeddable":true,"href":"https:\/\/www.vitamineonline.md\/ro\/wp-json\/wp\/v2\/product_cat?post=1526"},{"taxonomy":"product_tag","embeddable":true,"href":"https:\/\/www.vitamineonline.md\/ro\/wp-json\/wp\/v2\/product_tag?post=1526"}],"curies":[{"name":"wp","href":"https:\/\/api.w.org\/{rel}","templated":true}]}}