{"id":1518,"date":"2020-07-16T12:37:21","date_gmt":"2020-07-16T09:37:21","guid":{"rendered":"http:\/\/www.vitamineonline.md\/?post_type=product&#038;p=1518"},"modified":"2026-04-29T00:02:11","modified_gmt":"2026-04-28T21:02:11","slug":"mega-multi-mega-multi-90-kapsul","status":"publish","type":"product","link":"https:\/\/www.vitamineonline.md\/ro\/product\/mega-multi-mega-multi-90-kapsul\/","title":{"rendered":"Mega Multi &#8211; 90 de capsule vegane"},"content":{"rendered":"<p><\/p>\n<ul>\n<li>\n<div class=\"item_label\">\n<h3><strong>Compus<\/strong><strong>:<\/strong><\/h3>\n<table>\n<tbody>\n<tr>\n<td><b>O capsul\u0103 ofer\u0103:<\/b><\/td>\n<td><\/td>\n<td><b>RI%<\/b><\/td>\n<\/tr>\n<tr>\n<td>Vitamina C (ascorbat de calciu)<\/td>\n<td>100mg<\/td>\n<td>125<\/td>\n<\/tr>\n<tr>\n<td>Capsul\u0103: celuloz\u0103 vegetal\u0103<\/td>\n<td>120mg<\/td>\n<td>&#8211;<\/td>\n<\/tr>\n<tr>\n<td>Di-calciu (fosfat)<\/td>\n<td>15mg<\/td>\n<td>&#8211;<\/td>\n<\/tr>\n<tr>\n<td>Vitamina B5 (pantotenat de calciu)<\/td>\n<td>40mg<\/td>\n<td>667<\/td>\n<\/tr>\n<tr>\n<td>Zinc (gluconat)<\/td>\n<td>6mg<\/td>\n<td>60<\/td>\n<\/tr>\n<tr>\n<td>Acid L-glutamic<\/td>\n<td>40mg<\/td>\n<td>&#8211;<\/td>\n<\/tr>\n<tr>\n<td>Magneziu (citrat)<\/td>\n<td>6mg<\/td>\n<td>&#8211;<\/td>\n<\/tr>\n<tr>\n<td>Vitamina B1 (tiamin\u0103 HCl)<\/td>\n<td>30mg<\/td>\n<td>2727<\/td>\n<\/tr>\n<tr>\n<td>Colin\u0103 (l-bitartrate)<\/td>\n<td>15mg<\/td>\n<td>&#8211;<\/td>\n<\/tr>\n<tr>\n<td>Vitamina E<\/td>\n<td>27mg<\/td>\n<td>225<\/td>\n<\/tr>\n<tr>\n<td>Vitamina B3 (nicotinamid\u0103)<\/td>\n<td>30mg<\/td>\n<td>188<\/td>\n<\/tr>\n<tr>\n<td>Calciu (citrat)<\/td>\n<td>6mg<\/td>\n<td>&#8211;<\/td>\n<\/tr>\n<tr>\n<td>Potasiu (citrat)<\/td>\n<td>10mg<\/td>\n<td>&#8211;<\/td>\n<\/tr>\n<tr>\n<td>Inositol (Mio-inozitol)<\/td>\n<td>25mg<\/td>\n<td>&#8211;<\/td>\n<\/tr>\n<tr>\n<td>Vitamina B2 (riboflavin\u0103)<\/td>\n<td>20mg<\/td>\n<td>1,429<\/td>\n<\/tr>\n<tr>\n<td>Bioflavonoide de citrice<\/td>\n<td>20mg<\/td>\n<td>&#8211;<\/td>\n<\/tr>\n<tr>\n<td>Vitamina B6 (piridozin\u0103 HCl)<\/td>\n<td>15mg<\/td>\n<td>1,071<\/td>\n<\/tr>\n<tr>\n<td>Fier (gluconat)<\/td>\n<td>2mg<\/td>\n<td>&#8211;<\/td>\n<\/tr>\n<tr>\n<td>Silice (dioxid)<\/td>\n<td>7,5mg<\/td>\n<td>&#8211;<\/td>\n<\/tr>\n<tr>\n<td>Acid para-aminobenzoic (PABA)<\/td>\n<td>10mg<\/td>\n<td>&#8211;<\/td>\n<\/tr>\n<tr>\n<td>Betain\u0103 (HCl)<\/td>\n<td>8mg<\/td>\n<td>&#8211;<\/td>\n<\/tr>\n<tr>\n<td>Seleniu (L-selenometionin\u0103)<\/td>\n<td>40\u03bcg<\/td>\n<td>73<\/td>\n<\/tr>\n<tr>\n<td>Vitamina D (ca D3)<\/td>\n<td>20\u03bcg<\/td>\n<td>400<\/td>\n<\/tr>\n<tr>\n<td>Vitamina A (acetat)<\/td>\n<td>300\u03bcg<\/td>\n<td>38<\/td>\n<\/tr>\n<tr>\n<td>Vitamina K2 (MK-7)<\/td>\n<td>20\u03bcg<\/td>\n<td>27<\/td>\n<\/tr>\n<tr>\n<td>Bor (ca borat de sodiu)<\/td>\n<td>200\u03bcg<\/td>\n<td>&#8211;<\/td>\n<\/tr>\n<tr>\n<td>Mangan (gluconat)<\/td>\n<td>200\u03bcg<\/td>\n<td>&#8211;<\/td>\n<\/tr>\n<tr>\n<td>Cupru (bisglicinat)<\/td>\n<td>75\u03bcg<\/td>\n<td>&#8211;<\/td>\n<\/tr>\n<tr>\n<td>Crom (picolinat)<\/td>\n<td>80\u03bcg<\/td>\n<td>&#8211;<\/td>\n<\/tr>\n<tr>\n<td>Folat (5-MTHF calciu)<\/td>\n<td>400\u03bcg<\/td>\n<td>200<\/td>\n<\/tr>\n<tr>\n<td>K1 (filolocinone)<\/td>\n<td>20\u03bcg<\/td>\n<td>27<\/td>\n<\/tr>\n<tr>\n<td>Vitamina B12 (metilcobalamin\u0103)<\/td>\n<td>200\u03bcg<\/td>\n<td>8,000<\/td>\n<\/tr>\n<tr>\n<td>Iod (iodur\u0103 de potasiu)<\/td>\n<td>75\u03bcg<\/td>\n<td>50<\/td>\n<\/tr>\n<tr>\n<td>Molibden (molibdat de amoniu)<\/td>\n<td>30\u03bcg<\/td>\n<td>60<\/td>\n<\/tr>\n<tr>\n<td>Biotina<\/td>\n<td>50\u03bcg<\/td>\n<td>100<\/td>\n<\/tr>\n<tr>\n<td>Ingrediente suplimentare:<br \/>\nDioxid de siliciu, maltodextrin\u0103 (din porumb)<br \/>\n(agent anti-aglomerant), solide de sirop de porumb,<br \/>\nulei vegetal (liant), gum\u0103 arabic\u0103,<br \/>\nMCT (ulei de cocos frac\u021bionat)(stabilizator),<br \/>\nascorbat de sodiu, zaharoz\u0103 (conservant)<\/td>\n<td><\/td>\n<\/tr>\n<\/tbody>\n<\/table>\n<\/div>\n<\/li>\n<li>\n<h3><strong>Instruc\u021biuni:<\/strong><\/h3>\n<p>Lua\u021bi o capsul\u0103 zilnic sau conform indica\u021biilor unui profesionist din domeniul s\u0103n\u0103t\u0103\u021bii.<\/li>\n<li>\n<h3>CE ESTE MEGA MULTI?<\/h3>\n<p>Mega Multi este un supliment multivitaminic zilnic cuprinz\u0103tor, conceput pentru a sus\u021bine orice stil de via\u021b\u0103, cu un amestec puternic \u0219i echilibrat de nutrien\u021bi esen\u021biali \u2013 totul \u00eentr-o singur\u0103 capsul\u0103 convenabil\u0103.<\/p>\n<p>Plin de vitamine, minerale \u0219i nutrien\u021bi de \u00eenalt\u0103 putere, Mega Multi este diferit de multivitaminele tipice de pe pia\u021b\u0103. Mega Multi ofer\u0103 doze semnificativ mai mari din ace\u0219ti nutrien\u021bi cheie.<\/p>\n<hr \/>\n<h3>CE E \u00ceN MEGA MULTI?<\/h3>\n<p>Fiecare capsul\u0103 con\u021bine un amestec cuprinz\u0103tor, inclusiv:<\/p>\n<ul>\n<li><b>Vitamine:<\/b>\u00a0A, B1, B2, B3, B5, B6, B12, C, D3, E<\/li>\n<li><b>Al\u021bi nutrien\u021bi:<\/b>\u00a0Biotin\u0103, acid folic, colin\u0103, PABA, bioflavonoide<\/li>\n<li><b>Minerale:<\/b>\u00a0Zinc, Mangan, Potasiu, Crom, Molibden<\/li>\n<li><b>Aminoacizi:<\/b>\u00a0L-Glutamic Acid<\/li>\n<\/ul>\n<p>Aceast\u0103 formul\u0103 unic\u0103 sus\u021bine totul, de la s\u0103n\u0103tatea imun\u0103 la func\u021bia cognitiv\u0103, energie \u0219i frumuse\u021be<\/p>\n<hr \/>\n<h3>CE FACE MEGA MULTI?<\/h3>\n<p>Amestecul unic de ingrediente al Mega Multi contribuie la un stil de via\u021b\u0103 s\u0103n\u0103tos \u00een mai multe moduri. Unele dintre acestea sunt enumerate mai jos.<\/p>\n<p><b>S\u0102N\u0102TATE GENERAL\u0102 \u0218I IMUNITATE<\/b><br \/>\nMega Multi ofer\u0103 vitamina A, B6, B12, C, D \u0219i zinc, toate contribuind la func\u021bionarea normal\u0103 a sistemului imunitar. Acest lucru se \u00eenso\u021be\u0219te de vitamina C, care contribuie la men\u021binerea func\u021biei normale a sistemului imunitar \u00een timpul \u0219i dup\u0103 exerci\u021biul fizic. Vitaminele B2, C, E \u0219i manganul \u0219i zincul contribuie la protec\u021bia celulelor \u00eempotriva stresului oxidativ. Vitaminele B1, B2, B3, B6, B12 \u0219i C contribuie la func\u021bionarea normal\u0103 a sistemului nervos. Vitamina A, B2 \u0219i zincul contribuie la men\u021binerea vederii normale. Vitamina B1 contribuie la func\u021bionarea normal\u0103 a inimii.<\/p>\n<p><b>NIVELURI<\/b><br \/>\nDE ENERGIE Mega Multi ofer\u0103 vitamine B2, B3, B5, B6, B12 \u0219i C. Toate acestea contribuie la reducerea oboselii \u0219i oboselii, precum \u0219i la un metabolism normal care genereaz\u0103 energie.<\/p>\n<p><b>S\u0102N\u0102TATE<\/b><br \/>\nMINTAL\u0102 Mega Multi ofer\u0103 vitamine B1, B3, B6, B12 \u0219i C, care contribuie la func\u021bionarea psihologic\u0103 normal\u0103. Zincul contribuie la func\u021bionarea cognitiv\u0103 normal\u0103.<\/p>\n<p><b>S\u0102N\u0102TATEA<\/b><br \/>\nMUSCULAR\u0102 Mega Multi ofer\u0103 vitamina D care contribuie la men\u021binerea func\u021biei musculare normale. Exist\u0103 \u0219i mangan, care contribuie la func\u021bia normal\u0103 a \u021besutului conjunctiv.<\/p>\n<p><b>CELULE, S\u00c2NGE \u0219i HORMONI<\/b><br \/>\nMega Multi con\u021bine o gam\u0103 larg\u0103 de ingrediente care contribuie la men\u021binerea normal\u0103 a celulelor, s\u00e2ngelui \u0219i hormonilor. Aceasta include vitamina A, B2, B3, B6, B12, D, zinc \u0219i crom.<\/p>\n<p><b>BONE HEALTH<\/b><br \/>\nMega Multi ofer\u0103 vitamina D, care contribuie la men\u021binerea oaselor \u0219i din\u021bilor s\u0103n\u0103to\u0219i. Zincul \u0219i manganul contribuie, de asemenea, la men\u021binerea oaselor normale.<\/p>\n<p><b>BEAUTY<\/b><br \/>\nMega Multi ofer\u0103 vitamina C, care contribuie la formarea normal\u0103 de colagen pentru func\u021bia normal\u0103 a vaselor de s\u00e2nge, oaselor, cartilajului, gingiilor, pielii \u0219i din\u021bilor. Zincul contribuie la men\u021binerea p\u0103rului \u0219i unghiilor normale. De asemenea, \u00een Mega Multi se afl\u0103 vitamina A, B2, B3 \u0219i zinc, care contribuie la men\u021binerea pielii normale.<\/p>\n<hr \/>\n<h3>POTRIVIT PENTRU VEGANI<\/h3>\n<p>Mega Multi este potrivit pentru vegani. Este, de asemenea, aprobat pentru kosher.<\/li>\n<li>\n<h3><strong>Avertizare:<\/strong><\/h3>\n<\/li>\n<li><b>Acest produs con\u021bine vitamina A. Nu lua\u021bi dac\u0103 sunte\u021bi gravid\u0103 sau inten\u021biona\u021bi s\u0103 r\u0103m\u00e2ne\u021bi gravid\u0103, dec\u00e2t la recomandarea unui medic.<\/b><b>Dac\u0103 iei anticoagulante, nu lua acest produs dec\u00e2t la recomandarea unui medic.<\/b><b>Aportul pe termen lung al acestei cantit\u0103\u021bi de vitamina B6 poate duce la furnic\u0103turi u\u0219oare \u0219i amor\u021beli.<\/b>\n<p>Nu dep\u0103\u0219i doza recomandat\u0103 indicat\u0103. Un supliment alimentar nu ar trebui folosit ca substitut pentru o diet\u0103 variat\u0103, echilibrat\u0103 sau un stil de via\u021b\u0103 s\u0103n\u0103tos. P\u0103streaz\u0103-le \u00eentr-un loc r\u0103coros \u0219i uscat, departe de raza \u0219i raza vizual\u0103 a copiilor mici.<\/li>\n<\/ul>\n<p><\/p>","protected":false},"excerpt":{"rendered":"<ul>\n<li>Ofer\u0103 un efect general de \u00eent\u0103rire<\/li>\n<li>Cre\u0219te performan\u021ba organismului<\/li>\n<li>Afecteaz\u0103 pozitiv func\u021bionarea sistemelor nervos, cardiovascular \u0219i digestiv<\/li>\n<li>Completeaz\u0103 deficien\u021bele de vitamine \u0219i minerale<\/li>\n<\/ul>\n","protected":false},"featured_media":3629,"comment_status":"open","ping_status":"closed","template":"","meta":[],"product_brand":[],"product_cat":[129,108,61,64,42,60],"product_tag":[],"class_list":{"0":"post-1518","1":"product","2":"type-product","3":"status-publish","4":"has-post-thumbnail","6":"product_cat-reduceri","7":"product_cat-complex","8":"product_cat-vegan-supplements","9":"product_cat-vitamins","10":"product_cat-daily-packs","11":"product_cat-superfoods","13":"first","14":"instock","15":"sale","16":"taxable","17":"shipping-taxable","18":"purchasable","19":"product-type-simple"},"aioseo_notices":[],"_links":{"self":[{"href":"https:\/\/www.vitamineonline.md\/ro\/wp-json\/wp\/v2\/product\/1518","targetHints":{"allow":["GET"]}}],"collection":[{"href":"https:\/\/www.vitamineonline.md\/ro\/wp-json\/wp\/v2\/product"}],"about":[{"href":"https:\/\/www.vitamineonline.md\/ro\/wp-json\/wp\/v2\/types\/product"}],"replies":[{"embeddable":true,"href":"https:\/\/www.vitamineonline.md\/ro\/wp-json\/wp\/v2\/comments?post=1518"}],"wp:featuredmedia":[{"embeddable":true,"href":"https:\/\/www.vitamineonline.md\/ro\/wp-json\/wp\/v2\/media\/3629"}],"wp:attachment":[{"href":"https:\/\/www.vitamineonline.md\/ro\/wp-json\/wp\/v2\/media?parent=1518"}],"wp:term":[{"taxonomy":"product_brand","embeddable":true,"href":"https:\/\/www.vitamineonline.md\/ro\/wp-json\/wp\/v2\/product_brand?post=1518"},{"taxonomy":"product_cat","embeddable":true,"href":"https:\/\/www.vitamineonline.md\/ro\/wp-json\/wp\/v2\/product_cat?post=1518"},{"taxonomy":"product_tag","embeddable":true,"href":"https:\/\/www.vitamineonline.md\/ro\/wp-json\/wp\/v2\/product_tag?post=1518"}],"curies":[{"name":"wp","href":"https:\/\/api.w.org\/{rel}","templated":true}]}}