{"id":1513,"date":"2020-07-08T12:45:00","date_gmt":"2020-07-08T09:45:00","guid":{"rendered":"http:\/\/www.vitamineonline.md\/?post_type=product&#038;p=1513"},"modified":"2026-02-25T11:32:07","modified_gmt":"2026-02-25T08:32:07","slug":"executive_revival_pack","status":"publish","type":"product","link":"https:\/\/www.vitamineonline.md\/ro\/product\/executive_revival_pack\/","title":{"rendered":"Executive Pack &#8211; Pachet suplimentar pe 28 de zile"},"content":{"rendered":"<p><\/p>\n<h3><strong>Compus<\/strong><strong>:<\/strong><\/h3>\n<table>\n<tbody>\n<tr>\n<td><b>FIECARE S\u0102CULE\u021a OFER\u0102:<\/b><\/td>\n<td><\/td>\n<td><\/td>\n<\/tr>\n<tr>\n<td><\/td>\n<td><\/td>\n<td><\/td>\n<\/tr>\n<tr>\n<td><b>1 capsul\u0103 B-Complex ofer\u0103:<\/b><\/td>\n<td><\/td>\n<td><b>RI%<\/b><\/td>\n<\/tr>\n<tr>\n<td>Vitamina C (ascorbat de calciu)<\/td>\n<td>150mg<\/td>\n<td>187<\/td>\n<\/tr>\n<tr>\n<td>Pudr\u0103 de lucern\u0103<\/td>\n<td>100mg<\/td>\n<td>&#8211;<\/td>\n<\/tr>\n<tr>\n<td>Carcasa capsulei: celuloz\u0103 vegetal\u0103<\/td>\n<td>100mg<\/td>\n<td>&#8211;<\/td>\n<\/tr>\n<tr>\n<td>Vitamina B2 (riboflavin\u0103)<\/td>\n<td>25mg<\/td>\n<td>1,786<\/td>\n<\/tr>\n<tr>\n<td>Vitamina B3 (nicotinamid\u0103)<\/td>\n<td>25mg<\/td>\n<td>156<\/td>\n<\/tr>\n<tr>\n<td>Inositol<\/td>\n<td>25mg<\/td>\n<td>&#8211;<\/td>\n<\/tr>\n<tr>\n<td>Acid para-aminobenzoic (PABA)<\/td>\n<td>25mg<\/td>\n<td>&#8211;<\/td>\n<\/tr>\n<tr>\n<td>Vitamina B5 (D-calciu pantotenat)<\/td>\n<td>22,9mg<\/td>\n<td>382<\/td>\n<\/tr>\n<tr>\n<td>Vitamina B1 (tiamin\u0103 HCl)<\/td>\n<td>22,3mg<\/td>\n<td>2,018<\/td>\n<\/tr>\n<tr>\n<td>Vitamina B6 (piridozin\u0103 HCl)<\/td>\n<td>20,6mg<\/td>\n<td>1,469<\/td>\n<\/tr>\n<tr>\n<td>Colin\u0103 (bitartrate)<\/td>\n<td>11,5mg<\/td>\n<td>&#8211;<\/td>\n<\/tr>\n<tr>\n<td>Acid folic<\/td>\n<td>50\u03bcg<\/td>\n<td>25<\/td>\n<\/tr>\n<tr>\n<td>Biotina<\/td>\n<td>25\u03bcg<\/td>\n<td>50<\/td>\n<\/tr>\n<tr>\n<td>Vitamina B12 (metilcobalamin\u0103)<\/td>\n<td>25\u03bcg<\/td>\n<td>1,000<\/td>\n<\/tr>\n<tr>\n<td><\/td>\n<td><\/td>\n<td><\/td>\n<\/tr>\n<tr>\n<td><b>1 capsul\u0103 de vitamina D3 ofer\u0103:<\/b><\/td>\n<td><\/td>\n<td><b>RI%<\/b><\/td>\n<\/tr>\n<tr>\n<td>Vitamina C (acid ascorbic)<\/td>\n<td>150mg<\/td>\n<td>187<\/td>\n<\/tr>\n<tr>\n<td>Carcasa capsulei: celuloz\u0103 vegetal\u0103<\/td>\n<td>40mg<\/td>\n<td>&#8211;<\/td>\n<\/tr>\n<tr>\n<td>Vitamina D (ca D3) (2500iu)<\/td>\n<td>63\u03bcg<\/td>\n<td>1,250<\/td>\n<\/tr>\n<tr>\n<td>Vitamina K (ca K2)<\/td>\n<td>100\u03bcg<\/td>\n<td>133<\/td>\n<\/tr>\n<tr>\n<td><\/td>\n<td><\/td>\n<td><\/td>\n<\/tr>\n<tr>\n<td><b>1 capsul\u0103 Super Antioxidant ofer\u0103:<\/b><\/td>\n<td><\/td>\n<td><b>RI%<\/b><\/td>\n<\/tr>\n<tr>\n<td>L-Glutation<\/td>\n<td>100mg<\/td>\n<td>&#8211;<\/td>\n<\/tr>\n<tr>\n<td>Vitamina C (acid ascorbic)<\/td>\n<td>100mg<\/td>\n<td>125<\/td>\n<\/tr>\n<tr>\n<td>Carcasa capsulei: celuloz\u0103 vegetal\u0103<\/td>\n<td>100mg<\/td>\n<td>&#8211;<\/td>\n<\/tr>\n<tr>\n<td>Acid alfa-lipoic<\/td>\n<td>50mg<\/td>\n<td>&#8211;<\/td>\n<\/tr>\n<tr>\n<td>Vitamina E (100 IU)<br \/>\n(D-Alfa tocoferol succinat)<\/td>\n<td>33,6mg<\/td>\n<td>280<\/td>\n<\/tr>\n<tr>\n<td>Extract de turmeric (<i>Curcuma longa<\/i>)<br \/>\n(95% curcuminoide)<\/td>\n<td>40mg<\/td>\n<td>&#8211;<\/td>\n<\/tr>\n<tr>\n<td>Extract de semin\u021be de struguri (<i>V. vinifera<\/i>)<br \/>\n(95% OPC)<\/td>\n<td>40mg<\/td>\n<td>&#8211;<\/td>\n<\/tr>\n<tr>\n<td>Extract de scoar\u021b\u0103 de pin (<i>P. pinaster<\/i>)<\/td>\n<td>30mg<\/td>\n<td>&#8211;<\/td>\n<\/tr>\n<tr>\n<td>Coenzima Q10<\/td>\n<td>20mg<\/td>\n<td>&#8211;<\/td>\n<\/tr>\n<tr>\n<td>Seleniu<\/td>\n<td>100\u03bcg<\/td>\n<td>182<\/td>\n<\/tr>\n<tr>\n<td>Mangan (citrat)<\/td>\n<td>3mg<\/td>\n<td>150<\/td>\n<\/tr>\n<tr>\n<td>Extract de ceai verde (<i>Camellia sinensis<\/i>)<br \/>\n(50% polifenoli)<\/td>\n<td>10mg<\/td>\n<td>&#8211;<\/td>\n<\/tr>\n<tr>\n<td>Extract de alun\u0103 (V. myrtillus)(4:1)<\/td>\n<td>10mg<\/td>\n<td>&#8211;<\/td>\n<\/tr>\n<tr>\n<td>Zinc (citrat)<\/td>\n<td>3mg<\/td>\n<td>30<\/td>\n<\/tr>\n<tr>\n<td>Vitamina A (acetat) (2000iu)<\/td>\n<td>300\u03bcg<\/td>\n<td>37<\/td>\n<\/tr>\n<tr>\n<td><\/td>\n<td><\/td>\n<td><\/td>\n<\/tr>\n<tr>\n<td><b>1 capsul\u0103 Ginkgo Biloba ofer\u0103:<\/b><\/td>\n<td><\/td>\n<td><b>RI%<\/b><\/td>\n<\/tr>\n<tr>\n<td>Frunza de ginkgo biloba<\/td>\n<td>350mg<\/td>\n<td>&#8211;<\/td>\n<\/tr>\n<tr>\n<td>Coaj\u0103 de legume: celuloz\u0103 vegetal\u0103<\/td>\n<td>100mg<\/td>\n<td>&#8211;<\/td>\n<\/tr>\n<tr>\n<td>Extract de ginkgo biloba (50:1)<\/td>\n<td>60mg<\/td>\n<td>&#8211;<\/td>\n<\/tr>\n<tr>\n<td><\/td>\n<td><\/td>\n<td><\/td>\n<\/tr>\n<tr>\n<td><b>1 capsul\u0103 de aminoacizi ofer\u0103:<\/b><\/td>\n<td><\/td>\n<td><b>RI%<\/b><\/td>\n<\/tr>\n<tr>\n<td>Carcasa capsulei: celuloz\u0103 vegetal\u0103<\/td>\n<td>120mg<\/td>\n<td>&#8211;<\/td>\n<\/tr>\n<tr>\n<td>Acid L-glutamic<\/td>\n<td>75mg<\/td>\n<td>&#8211;<\/td>\n<\/tr>\n<tr>\n<td>L-lizina<\/td>\n<td>75mg<\/td>\n<td>&#8211;<\/td>\n<\/tr>\n<tr>\n<td>L-glutamina<\/td>\n<td>75mg<\/td>\n<td>&#8211;<\/td>\n<\/tr>\n<tr>\n<td>L-arginin\u0103<\/td>\n<td>69mg<\/td>\n<td>&#8211;<\/td>\n<\/tr>\n<tr>\n<td>L-leucin\u0103<\/td>\n<td>60mg<\/td>\n<td>&#8211;<\/td>\n<\/tr>\n<tr>\n<td>L-isoleucin\u0103<\/td>\n<td>30mg<\/td>\n<td>&#8211;<\/td>\n<\/tr>\n<tr>\n<td>L-valine<\/td>\n<td>30mg<\/td>\n<td>&#8211;<\/td>\n<\/tr>\n<tr>\n<td>Glicina<\/td>\n<td>44mg<\/td>\n<td>&#8211;<\/td>\n<\/tr>\n<tr>\n<td>L-metionin\u0103<\/td>\n<td>46mg<\/td>\n<td>&#8211;<\/td>\n<\/tr>\n<tr>\n<td>L-fenilalanin\u0103<\/td>\n<td>36mg<\/td>\n<td>&#8211;<\/td>\n<\/tr>\n<tr>\n<td>L-serina<\/td>\n<td>36mg<\/td>\n<td>&#8211;<\/td>\n<\/tr>\n<tr>\n<td>L-treonin\u0103<\/td>\n<td>30mg<\/td>\n<td>&#8211;<\/td>\n<\/tr>\n<tr>\n<td>L-tirozina<\/td>\n<td>30mg<\/td>\n<td>&#8211;<\/td>\n<\/tr>\n<tr>\n<td>L-cisteina<\/td>\n<td>23,7mg<\/td>\n<td>&#8211;<\/td>\n<\/tr>\n<tr>\n<td>L-histidin\u0103<\/td>\n<td>20mg<\/td>\n<td>&#8211;<\/td>\n<\/tr>\n<tr>\n<td>L-alanina<\/td>\n<td>18mg<\/td>\n<td>&#8211;<\/td>\n<\/tr>\n<tr>\n<td>Acid L-aspartic<\/td>\n<td>15,3mg<\/td>\n<td>&#8211;<\/td>\n<\/tr>\n<tr>\n<td>L-prolina<\/td>\n<td>15mg<\/td>\n<td>&#8211;<\/td>\n<\/tr>\n<tr>\n<td>L-taurina<\/td>\n<td>12mg<\/td>\n<td>&#8211;<\/td>\n<\/tr>\n<tr>\n<td>L-triptofan<\/td>\n<td>10mg<\/td>\n<td>&#8211;<\/td>\n<\/tr>\n<tr>\n<td><\/td>\n<td><\/td>\n<td><\/td>\n<\/tr>\n<tr>\n<td><b>1 capsul\u0103 tripl\u0103 de magneziu ofer\u0103:<\/b><\/td>\n<td><\/td>\n<td><b>RI%<\/b><\/td>\n<\/tr>\n<tr>\n<td>Carcasa capsulei: celuloz\u0103 vegetal\u0103<\/td>\n<td>100mg<\/td>\n<td>&#8211;<\/td>\n<\/tr>\n<tr>\n<td>Magneziu (bisglicinat)<\/td>\n<td>22mg<\/td>\n<td>5.9<\/td>\n<\/tr>\n<tr>\n<td>Magneziu (citrat)<\/td>\n<td>26mg<\/td>\n<td>6.9<\/td>\n<\/tr>\n<tr>\n<td>Magneziu (malat)<\/td>\n<td>26mg<\/td>\n<td>6.9<\/td>\n<\/tr>\n<tr>\n<td><\/td>\n<td><\/td>\n<td><\/td>\n<\/tr>\n<tr>\n<td><b>1 capsul\u0103 de colin\u0103 &amp; inozitol ofer\u0103:<\/b><\/td>\n<td><\/td>\n<td><b>RI%<\/b><\/td>\n<\/tr>\n<tr>\n<td>Colin\u0103 (bitartrate)<\/td>\n<td>250mg<\/td>\n<td>&#8211;<\/td>\n<\/tr>\n<tr>\n<td>Inositol<\/td>\n<td>250mg<\/td>\n<td>&#8211;<\/td>\n<\/tr>\n<tr>\n<td>Carcasa capsulei: celuloz\u0103 vegetal\u0103<\/td>\n<td>120mg<\/td>\n<td>&#8211;<\/td>\n<\/tr>\n<tr>\n<td><\/td>\n<td><\/td>\n<td><\/td>\n<\/tr>\n<tr>\n<td><b>1 Softgel cu ulei de pe\u0219te<\/b><\/td>\n<td><\/td>\n<td><b>RI%<\/b><\/td>\n<\/tr>\n<tr>\n<td>Ulei de pe\u0219te (<b>FISH<\/b>)<br \/>\nProfil tipic de acizi gra\u0219i:<br \/>\nEPA (Omega 3) 18%<br \/>\n&#8211; DHA (Omega 3) 12%<\/td>\n<td>1000mg<\/p>\n<p>180mg<br \/>\n120mg<\/td>\n<td>&#8211;<\/td>\n<\/tr>\n<tr>\n<td>Vitamina E 4,92iu (acetat de tocoferil)<\/td>\n<td>3mg<\/td>\n<td>27.5<\/td>\n<\/tr>\n<tr>\n<td>Cochilie cu gel moale: (gelatin\u0103 (bovin\u0103), glicerin\u0103, ap\u0103)<\/td>\n<td>340mg<\/td>\n<td>&#8211;<\/td>\n<\/tr>\n<tr>\n<td><\/td>\n<td><\/td>\n<td><\/td>\n<\/tr>\n<tr>\n<td>Alergeni:<br \/>\nVezi ingredientele din (<b>BALDI\u0218<\/b>)<\/td>\n<td><\/td>\n<\/tr>\n<\/tbody>\n<\/table>\n<h3><strong>Instruc\u021biuni:<\/strong><\/h3>\n<p>Lua\u021bi un s\u0103cule\u021b zilnic cu o mas\u0103 principal\u0103 sau conform indica\u021biilor unui profesionist.<\/p>\n<h3>PACHETUL EXECUTIV<\/h3>\n<p>Pachetul Executiv ofer\u0103 o aprovizionare pentru 28 de zile cu vitamine \u0219i minerale esen\u021biale \u00een plicule\u021be zilnice convenabile \u0219i u\u0219or de gestionat, oferind un suport optim pentru un stil de via\u021b\u0103 aglomerat.<\/p>\n<hr \/>\n<h3>DE CE S\u0102 ALEGEM PACHETUL NOSTRU ZILNIC DE SUPLIMENTE<\/h3>\n<p>Ne asigur\u0103m c\u0103 toate suplimentele noastre de s\u0103n\u0103tate sunt perfect echilibrate pentru a func\u021biona armonios cu corpul, oferind niveluri precise de vitamine \u0219i minerale specifice. De\u0219i combinarea tuturor suplimentelor din Executive Pack \u00eentr-o singur\u0103 capsul\u0103 este posibil\u0103, aceast\u0103 abordare ar reduce calitatea nutrien\u021bilor pe care \u00eei putem furniza cu mai multe capsule. S\u0103cule\u021bul nostru zilnic de suplimente ofer\u0103 un amestec de suplimente de s\u0103n\u0103tate u\u0219or de gestionat \u0219i echilibrate corect.<\/p>\n<hr \/>\n<h3>NOUA AMBALARE GREENER<\/h3>\n<p>Ca parte a angajamentului nostru continuu de a deveni o companie de suplimente mai sustenabil\u0103, am actualizat ambalajul zilnic al pachetelor. Am renun\u021bat la recipientele voluminoase din plastic \u0219i le-am \u00eenlocuit cu pungi biodegradabile. Tot a trebuit s\u0103 p\u0103str\u0103m plicule\u021bele individuale de plastic \u00een interior, deoarece \u00eenc\u0103 nu am g\u0103sit o solu\u021bie care s\u0103 men\u021bin\u0103 suplimentele proaspete. Lucr\u0103m la asta.<\/p>\n<hr \/>\n<h3>CE PRIME\u0218TI \u00ceN PACHETUL NOSTRU EXECUTIV?<\/h3>\n<p>Fiecare s\u0103cule\u021b con\u021bine urm\u0103toarele suplimente:<\/p>\n<p><b>Capsul\u0103 1x Complex B<\/b>\u00a0Supliment de<br \/>\n\u00eenalt\u0103 calitate, echilibrat \u0219i echilibrat, care ofer\u0103 o gam\u0103 cuprinz\u0103toare de vitamine B esen\u021biale, inclusiv cele \u0219ase vitamine numerotate (B1, B2, B3, B5, B6, B12). Acest produs este ideal pentru cei care doresc s\u0103 simplifice aportul de vitamine B individuale, asigur\u00e2ndu-se c\u0103 primesc to\u021bi nutrien\u021bii necesari \u00eentr-o singur\u0103 capsul\u0103 convenabil\u0103.<\/p>\n<p>1x capsul\u0103<br \/>\nde\u00a0<b>vitamina D3<\/b>\u00a0Vitamina D3 2500UI ofer\u0103 o doz\u0103 mare de vitamina D3 combinat\u0103 cu alte vitamine \u0219i minerale pentru a lucra sinergic cu organismul. Aceast\u0103 formul\u0103 creeaz\u0103 un amestec bun pentru \u00eentre\u021binerea oaselor. Vitaminele D, C \u0219i K2 contribuie la men\u021binerea oaselor normale \u0219i la func\u021bionarea normal\u0103 a sistemului imunitar.<\/p>\n<p><b>Capsula Super Antioxidant Plus 1x<\/b><br \/>\nSuper Antioxidant Plus con\u021bine un amestec unic de vitamine, fitonutrien\u021bi \u0219i minerale, selectate special pentru propriet\u0103\u021bile lor antioxidante.<\/p>\n<p><b>1x supliment Ginkgo Biloba<\/b><br \/>\ncapsul\u0103 Ginkgo biloba care combin\u0103 pulbere pur\u0103 de ginkgo biloba cu un extract concentrat pentru a forma o formul\u0103 puternic\u0103.<\/p>\n<p><b>Capsul\u0103 de 1x<\/b>\u00a0Complex de Aminoacizi<br \/>\nFull Spectrum care furnizeaz\u0103 to\u021bi cei 20 de aminoacizi folosi\u021bi de corpul uman, inclusiv cei 9 aminoacizi esen\u021biali pe care organismul nu \u00eei poate sintetiza. Aminoacizii din suplimentul nostru cu spectru complet sunt to\u021bi \u00eentr-o stare cristalin\u0103 liber\u0103. Valoarea aminoacizilor liberi este c\u0103 nu necesit\u0103 digestie, permi\u021b\u00e2nd o livrare mai rapid\u0103 \u00een organism. Aminoacizii liberi provin de obicei de la animale, dar am dedicat timp \u0219i grij\u0103 semnificative producerii unui supliment vegan de aminoacizi de \u00eenalt\u0103 calitate.<\/p>\n<p>Capsula<br \/>\n<b>1x Triple Magnesium<\/b>\u00a0Complex este un amestec unic de trei forme de magneziu \u00eencapsulate \u00eentr-o singur\u0103 capsul\u0103 vegan\u0103, oferind 74mg de magneziu elementar. Magneziul triplu include bisglicinat de magneziu, citrat de magneziu \u0219i malat de magneziu.<\/p>\n<p><b>1x supliment de colin\u0103 &amp; inositol capsul\u0103<\/b><br \/>\nde colin\u0103 \u0219i inositol care ofer\u0103 o doz\u0103 mare \u0219i un amestec de calitate al ambelor ingrediente. Fiecare capsul\u0103 ofer\u0103 250mg de colin\u0103 \u0219i 250mg de inozitol. Acest supliment vine sub form\u0103 de capsul\u0103 vegan\u0103, f\u0103r\u0103 aditivi inutile.<\/p>\n<p>Suplimentul\u00a0<b>1x Ulei moale<\/b><br \/>\ncu ulei de pe\u0219te con\u021bine acizi gra\u0219i omega 3 de \u00eenalt\u0103 calitate. Fiecare gel moale ofer\u0103 180 mg de EPA \u0219i 120 mg de DHA. Uleiurile de pe\u0219te sunt testate f\u0103r\u0103 metale grele, iar gelul moale este f\u0103cut din glicerin\u0103.<\/p>\n<h3><strong>Avertizare:<\/strong><\/h3>\n<p>Nu dep\u0103\u0219i doza recomandat\u0103 indicat\u0103. Un supliment alimentar nu ar trebui folosit ca substitut pentru o diet\u0103 variat\u0103 \u0219i echilibrat\u0103 \u0219i un stil de via\u021b\u0103 s\u0103n\u0103tos. P\u0103streaz\u0103-le \u00eentr-un loc r\u0103coros \u0219i uscat, departe de raza \u0219i raza vizual\u0103 a copiilor mici.<\/p>","protected":false},"excerpt":{"rendered":"<ul>\n<li>Ofer\u0103 un aport echilibrat de vitamine \u0219i minerale pentru s\u0103n\u0103tate \u0219i productivitate la locul de munc\u0103.<\/li>\n<li>Conceput pentru 28 de zile.<\/li>\n<li>Reduce oboseala \u0219i extenuarea<\/li>\n<li>Normalizeaz\u0103 func\u021bia inimii, a sistemului nervos \u0219i a ficatului<\/li>\n<li>Normalizeaz\u0103 func\u021bia sistemului circulator<\/li>\n<li>Men\u021bine s\u0103n\u0103tatea din\u021bilor \u0219i a oaselor<\/li>\n<li>Normalizeaz\u0103 metabolismul energetic<\/li>\n<\/ul>\n","protected":false},"featured_media":3855,"comment_status":"open","ping_status":"closed","template":"","meta":[],"product_brand":[],"product_cat":[108,82,84,92,68,64,42,43,66,60],"product_tag":[],"class_list":{"0":"post-1513","1":"product","2":"type-product","3":"status-publish","4":"has-post-thumbnail","6":"product_cat-complex","7":"product_cat-for-women","8":"product_cat-imunitate","9":"product_cat-pentru-barbati","10":"product_cat-best-sellers","11":"product_cat-vitamins","12":"product_cat-daily-packs","13":"product_cat-essential-food","14":"product_cat-health-concerns","15":"product_cat-superfoods","17":"first","18":"outofstock","19":"taxable","20":"shipping-taxable","21":"purchasable","22":"product-type-simple"},"aioseo_notices":[],"_links":{"self":[{"href":"https:\/\/www.vitamineonline.md\/ro\/wp-json\/wp\/v2\/product\/1513","targetHints":{"allow":["GET"]}}],"collection":[{"href":"https:\/\/www.vitamineonline.md\/ro\/wp-json\/wp\/v2\/product"}],"about":[{"href":"https:\/\/www.vitamineonline.md\/ro\/wp-json\/wp\/v2\/types\/product"}],"replies":[{"embeddable":true,"href":"https:\/\/www.vitamineonline.md\/ro\/wp-json\/wp\/v2\/comments?post=1513"}],"wp:featuredmedia":[{"embeddable":true,"href":"https:\/\/www.vitamineonline.md\/ro\/wp-json\/wp\/v2\/media\/3855"}],"wp:attachment":[{"href":"https:\/\/www.vitamineonline.md\/ro\/wp-json\/wp\/v2\/media?parent=1513"}],"wp:term":[{"taxonomy":"product_brand","embeddable":true,"href":"https:\/\/www.vitamineonline.md\/ro\/wp-json\/wp\/v2\/product_brand?post=1513"},{"taxonomy":"product_cat","embeddable":true,"href":"https:\/\/www.vitamineonline.md\/ro\/wp-json\/wp\/v2\/product_cat?post=1513"},{"taxonomy":"product_tag","embeddable":true,"href":"https:\/\/www.vitamineonline.md\/ro\/wp-json\/wp\/v2\/product_tag?post=1513"}],"curies":[{"name":"wp","href":"https:\/\/api.w.org\/{rel}","templated":true}]}}