{"id":1494,"date":"2020-04-27T22:04:39","date_gmt":"2020-04-27T19:04:39","guid":{"rendered":"http:\/\/www.vitamineonline.md\/?post_type=product&#038;p=1494"},"modified":"2026-04-21T22:15:33","modified_gmt":"2026-04-21T19:15:33","slug":"magnesium-citrate-110mg","status":"publish","type":"product","link":"https:\/\/www.vitamineonline.md\/ro\/product\/magnesium-citrate-110mg\/","title":{"rendered":"Citrat de Magneziu 125mg &#8211; 90 capsule vegane"},"content":{"rendered":"<p><\/p>\n<div class=\"item_label\"><\/div>\n<h3><strong>Compus<\/strong><strong>:<\/strong><\/h3>\n<table>\n<tbody>\n<tr>\n<td><b>O capsul\u0103 ofer\u0103:<\/b><\/td>\n<td><\/td>\n<td><b>RI%<\/b><\/td>\n<\/tr>\n<tr>\n<td>Magneziu (citrat)<\/td>\n<td>125mg<\/td>\n<td>33<\/td>\n<\/tr>\n<tr>\n<td>Coaja capsulei: hidroxipropil metilceluloz\u0103<\/td>\n<td>120mg<\/td>\n<td>&#8211;<\/td>\n<\/tr>\n<\/tbody>\n<\/table>\n<p><strong>Instruc\u021biuni:\u00a0 <\/strong>Lua\u021bi o capsul\u0103 pe zi cu o mas\u0103 sau conform indica\u021biilor unui profesionist din domeniul s\u0103n\u0103t\u0103\u021bii.<\/p>\n<p>Supliment de magneziu care ofer\u0103 125 mg de magneziu elementar sub form\u0103 de citrat de magneziu \u00eentr-o capsul\u0103 vegan\u0103. Citratul de magneziu a fost folosit \u00een acest supliment, deoarece este o preparare de magneziu sub form\u0103 de sare cu acid citric, ceea ce \u00eel face mai u\u0219or de absorbit de organism.<\/p>\n<h3>CE ESTE MAGNEZIUL?<\/h3>\n<p>Magneziul este un mineral elementar esen\u021bial pentru func\u021bia celular\u0103.<\/p>\n<h3>CE FACE MAGNEZIUL?<\/h3>\n<p>Magneziul contribuie \u00een multe privin\u021be la o diet\u0103 s\u0103n\u0103toas\u0103. Magneziul contribuie la reducerea oboselii \u0219i oboselii, la men\u021binerea normal\u0103 a oaselor \u0219i din\u021bilor, la func\u021bia muscular\u0103 normal\u0103 \u0219i la metabolismul normal care produce energie.<\/p>\n<h3>POTRIVIT PENTRU VEGANI<\/h3>\n<p>Acest supliment este potrivit pentru vegani. Este, de asemenea, aprobat kosher \u0219i nu con\u021bine alergeni majori.<\/p>\n<h3><strong>Avertizare:<\/strong><\/h3>\n<p>Nu dep\u0103\u0219i doza recomandat\u0103 indicat\u0103. Un supliment alimentar nu ar trebui folosit ca substitut pentru o diet\u0103 variat\u0103 \u0219i echilibrat\u0103 \u0219i un stil de via\u021b\u0103 s\u0103n\u0103tos. P\u0103streaz\u0103-le \u00eentr-un loc r\u0103coros \u0219i uscat, departe de raza \u0219i raza vizual\u0103 a copiilor mici.<\/p>\n<p>&nbsp;<\/p>\n<p>GA709<\/p>","protected":false},"excerpt":{"rendered":"<ul>\n<li>Magneziul contribuie la metabolismul normal.<\/li>\n<li>Magneziul contribuie la func\u021bionarea normal\u0103 a sistemului nervos.<\/li>\n<li>Magneziul contribuie la func\u021bia muscular\u0103 normal\u0103.<\/li>\n<li>Magneziul contribuie la sinteza normal\u0103 a proteinelor.<\/li>\n<\/ul>\n","protected":false},"featured_media":3609,"comment_status":"open","ping_status":"closed","template":"","meta":[],"product_brand":[],"product_cat":[130,65,68,66,60],"product_tag":[],"class_list":{"0":"post-1494","1":"product","2":"type-product","3":"status-publish","4":"has-post-thumbnail","6":"product_cat-magneziu","7":"product_cat-minerals","8":"product_cat-best-sellers","9":"product_cat-health-concerns","10":"product_cat-superfoods","12":"first","13":"instock","14":"taxable","15":"shipping-taxable","16":"purchasable","17":"product-type-simple"},"aioseo_notices":[],"_links":{"self":[{"href":"https:\/\/www.vitamineonline.md\/ro\/wp-json\/wp\/v2\/product\/1494","targetHints":{"allow":["GET"]}}],"collection":[{"href":"https:\/\/www.vitamineonline.md\/ro\/wp-json\/wp\/v2\/product"}],"about":[{"href":"https:\/\/www.vitamineonline.md\/ro\/wp-json\/wp\/v2\/types\/product"}],"replies":[{"embeddable":true,"href":"https:\/\/www.vitamineonline.md\/ro\/wp-json\/wp\/v2\/comments?post=1494"}],"wp:featuredmedia":[{"embeddable":true,"href":"https:\/\/www.vitamineonline.md\/ro\/wp-json\/wp\/v2\/media\/3609"}],"wp:attachment":[{"href":"https:\/\/www.vitamineonline.md\/ro\/wp-json\/wp\/v2\/media?parent=1494"}],"wp:term":[{"taxonomy":"product_brand","embeddable":true,"href":"https:\/\/www.vitamineonline.md\/ro\/wp-json\/wp\/v2\/product_brand?post=1494"},{"taxonomy":"product_cat","embeddable":true,"href":"https:\/\/www.vitamineonline.md\/ro\/wp-json\/wp\/v2\/product_cat?post=1494"},{"taxonomy":"product_tag","embeddable":true,"href":"https:\/\/www.vitamineonline.md\/ro\/wp-json\/wp\/v2\/product_tag?post=1494"}],"curies":[{"name":"wp","href":"https:\/\/api.w.org\/{rel}","templated":true}]}}