{"id":1471,"date":"2020-04-25T18:24:31","date_gmt":"2020-04-25T15:24:31","guid":{"rendered":"http:\/\/www.vitamineonline.md\/?post_type=product&#038;p=1471"},"modified":"2026-04-21T22:31:29","modified_gmt":"2026-04-21T19:31:29","slug":"vitamin-s-750-mg-bioflavonoidy-150-mg-120-kaps","status":"publish","type":"product","link":"https:\/\/www.vitamineonline.md\/ro\/product\/vitamin-s-750-mg-bioflavonoidy-150-mg-120-kaps\/","title":{"rendered":"Vitamina C &amp; Bioflavonoide &#8211; 120 de capsule vegane"},"content":{"rendered":"<p><\/p>\n<h3><strong>Compus<\/strong><strong>:<\/strong><\/h3>\n<table>\n<tbody>\n<tr>\n<td><b>O capsul\u0103 ofer\u0103:<\/b><\/td>\n<td><\/td>\n<td><b>RI%<\/b><\/td>\n<\/tr>\n<tr>\n<td>Vitamina C (acid ascorbic)<\/td>\n<td>750mg<\/td>\n<td>938<\/td>\n<\/tr>\n<tr>\n<td>Bioflavonoide de citrice<\/td>\n<td>150mg<\/td>\n<td>&#8211;<\/td>\n<\/tr>\n<tr>\n<td>Carcasa capsulei: celuloz\u0103 vegetal\u0103<\/td>\n<td>120mg<\/td>\n<td>&#8211;<\/td>\n<\/tr>\n<\/tbody>\n<\/table>\n<h3><strong>Instruc\u021biuni:<\/strong><\/h3>\n<p>Lua\u021bi 1-2 capsule pe zi cu o mas\u0103 principal\u0103 sau conform indica\u021biilor unui profesionist.<\/p>\n<h3>SUPLIMENT DE VITAMINA C \u0218I BIOFLAVONOIDE<\/h3>\n<p>Folosim un amestec de pudr\u0103 pur\u0103 de vitamina C (acid ascorbic) combinat\u0103 cu bioflavonoide citrice \u00eentr-o capsul\u0103 de celuloz\u0103 vegetal\u0103 pentru a forma suplimentul nostru de vitamina C. Am ad\u0103ugat bioflavonoide \u00een acest supliment deoarece acestea se g\u0103sesc \u00een natur\u0103 \u00eempreun\u0103 cu vitamina C, ac\u021bion\u00e2nd sinergic.<\/p>\n<hr \/>\n<h3>CE ESTE VITAMINA C?<\/h3>\n<p>Vitamina C este solubil\u0103 \u00een ap\u0103, ceea ce \u00eenseamn\u0103 c\u0103 organismul nu o poate stoca, spre deosebire de al\u021bi nutrien\u021bi. Vitamina C este un antioxidant puternic \u0219i contribuie la func\u021bionarea normal\u0103 a unui num\u0103r de ac\u021biuni pe care le \u00eentreprinde organismul.<\/p>\n<hr \/>\n<h3>CE FACE VITAMINA C?<\/h3>\n<p>Vitamina C contribuie la o diet\u0103 s\u0103n\u0103toas\u0103 \u00een multe feluri. Aceasta include func\u021bionarea normal\u0103 a sistemului imunitar \u00een timpul \u0219i dup\u0103 exerci\u021bii fizice \u0219i func\u021bionarea normal\u0103 a sistemului nervos. Vitamina C contribuie, de asemenea, la formarea colagenului pentru func\u021bionarea normal\u0103 a vaselor de s\u00e2nge, cartilajului, oaselor, gingiilor, pielii \u0219i din\u021bilor. Vitamina C poate contribui, de asemenea, la protejarea celulelor \u00eempotriva stresului oxidativ, la reducerea oboselii \u0219i extenu\u0103rii.<\/p>\n<hr \/>\n<h3>POTRIVIT PENTRU VEGANI<\/h3>\n<p>Acest supliment este potrivit pentru vegani. Este, de asemenea, aprobat kosher \u0219i nu con\u021bine alergeni majori.<\/p>\n<h3>Sfaturi despre produse<\/h3>\n<p><b>Peste 1000 mg de vitamina C pot provoca tulbur\u0103ri u\u0219oare de stomac la persoanele sensibile.<\/b><\/p>\n<p>Nu dep\u0103\u0219i doza recomandat\u0103 indicat\u0103. Un supliment alimentar nu ar trebui folosit ca substitut pentru o diet\u0103 variat\u0103 \u0219i echilibrat\u0103 \u0219i un stil de via\u021b\u0103 s\u0103n\u0103tos. P\u0103streaz\u0103-le \u00eentr-un loc r\u0103coros \u0219i uscat, departe de raza \u0219i raza vizual\u0103 a copiilor mici.<\/p>","protected":false},"excerpt":{"rendered":"<ul>\n<li>Are efect antioxidant, protej\u00e2nd organismul de r\u0103ceal\u0103 \u0219i grip\u0103.<\/li>\n<li>Bioflavonoidele \u00eembun\u0103t\u0103\u021besc circula\u021bia s\u00e2ngelui \u0219i au efect antibacterian.<\/li>\n<li>Bioflavonoidele amelioreaz\u0103 durerea \u0219i vindec\u0103 r\u0103nile \u0219i v\u00e2n\u0103t\u0103ile.<\/li>\n<li>Un complex de vitamina C \u0219i bioflavonoide protejeaz\u0103 organismul de efectele radicalilor liberi.<\/li>\n<\/ul>\n","protected":false},"featured_media":4396,"comment_status":"open","ping_status":"closed","template":"","meta":[],"product_brand":[],"product_cat":[102,84,68,61,64,66,60],"product_tag":[],"class_list":{"0":"post-1471","1":"product","2":"type-product","3":"status-publish","4":"has-post-thumbnail","6":"product_cat-vitamin-c","7":"product_cat-imunitate","8":"product_cat-best-sellers","9":"product_cat-vegan-supplements","10":"product_cat-vitamins","11":"product_cat-health-concerns","12":"product_cat-superfoods","14":"first","15":"instock","16":"taxable","17":"shipping-taxable","18":"purchasable","19":"product-type-simple"},"aioseo_notices":[],"_links":{"self":[{"href":"https:\/\/www.vitamineonline.md\/ro\/wp-json\/wp\/v2\/product\/1471","targetHints":{"allow":["GET"]}}],"collection":[{"href":"https:\/\/www.vitamineonline.md\/ro\/wp-json\/wp\/v2\/product"}],"about":[{"href":"https:\/\/www.vitamineonline.md\/ro\/wp-json\/wp\/v2\/types\/product"}],"replies":[{"embeddable":true,"href":"https:\/\/www.vitamineonline.md\/ro\/wp-json\/wp\/v2\/comments?post=1471"}],"wp:featuredmedia":[{"embeddable":true,"href":"https:\/\/www.vitamineonline.md\/ro\/wp-json\/wp\/v2\/media\/4396"}],"wp:attachment":[{"href":"https:\/\/www.vitamineonline.md\/ro\/wp-json\/wp\/v2\/media?parent=1471"}],"wp:term":[{"taxonomy":"product_brand","embeddable":true,"href":"https:\/\/www.vitamineonline.md\/ro\/wp-json\/wp\/v2\/product_brand?post=1471"},{"taxonomy":"product_cat","embeddable":true,"href":"https:\/\/www.vitamineonline.md\/ro\/wp-json\/wp\/v2\/product_cat?post=1471"},{"taxonomy":"product_tag","embeddable":true,"href":"https:\/\/www.vitamineonline.md\/ro\/wp-json\/wp\/v2\/product_tag?post=1471"}],"curies":[{"name":"wp","href":"https:\/\/api.w.org\/{rel}","templated":true}]}}