{"id":1453,"date":"2020-04-18T19:07:14","date_gmt":"2020-04-18T16:07:14","guid":{"rendered":"http:\/\/www.vitamineonline.md\/?post_type=product&#038;p=1453"},"modified":"2026-04-21T22:33:25","modified_gmt":"2026-04-21T19:33:25","slug":"vitamin-c-complex-500mg","status":"publish","type":"product","link":"https:\/\/www.vitamineonline.md\/ro\/product\/vitamin-c-complex-500mg\/","title":{"rendered":"Vitamina C 500mg cu m\u0103ce\u0219e \u0219i acerola- 120 capsule vegane"},"content":{"rendered":"<p><\/p>\n<h3><strong>Compus<\/strong><strong>:<\/strong><\/h3>\n<table>\n<tbody>\n<tr>\n<td><b>O capsul\u0103 ofer\u0103:<\/b><\/td>\n<td><\/td>\n<td><b>RI%<\/b><\/td>\n<\/tr>\n<tr>\n<td>Vitamina C (acid ascorbic)<\/td>\n<td>500mg<\/td>\n<td>625<\/td>\n<\/tr>\n<tr>\n<td>F\u0103in\u0103 de orez<\/td>\n<td>148mg<\/td>\n<td>&#8211;<\/td>\n<\/tr>\n<tr>\n<td>Carcasa capsulei: celuloz\u0103 vegetal\u0103<\/td>\n<td>100mg<\/td>\n<td>&#8211;<\/td>\n<\/tr>\n<tr>\n<td>Acerola<\/td>\n<td>2,5mg<\/td>\n<td>&#8211;<\/td>\n<\/tr>\n<tr>\n<td>M\u0103ce\u0219e trandafir<\/td>\n<td>2,5mg<\/td>\n<td>&#8211;<\/td>\n<\/tr>\n<tr>\n<td>Magneziu (oxid)<\/td>\n<td>1,5mg<\/td>\n<td>&#8211;<\/td>\n<\/tr>\n<tr>\n<td>Calciu (carbonat)<\/td>\n<td>986\u03bcg<\/td>\n<td>&#8211;<\/td>\n<\/tr>\n<tr>\n<td>Ingrediente suplimentare:<br \/>\nmaltodextrin\u0103<\/td>\n<td><\/td>\n<td><\/td>\n<\/tr>\n<\/tbody>\n<\/table>\n<h3><strong>Instruc\u021biuni:<\/strong><\/h3>\n<p>Lua\u021bi o capsul\u0103 zilnic cu o mas\u0103 sau conform indica\u021biilor unui profesionist.<\/p>\n<h3>SUPLIMENT COMPLEX DE VITAMINE C<\/h3>\n<p>Amestec de pudr\u0103 pur\u0103 de vitamina C (acid ascorbic), cire\u0219e acerola \u0219i m\u0103ce\u0219e, \u00eentr-o capsul\u0103 de celuloz\u0103 vegetal\u0103. Acerola \u0219i m\u0103ce\u0219ele sunt incluse pentru con\u021binutul lor natural ridicat de vitamina C, \u00eempreun\u0103 cu bioflavonoide, care sporesc absorb\u021bia \u0219i eficacitatea vitaminei C.<\/p>\n<hr \/>\n<h3>CE ESTE VITAMINA C?<\/h3>\n<p>Vitamina C este solubil\u0103 \u00een ap\u0103, ceea ce \u00eenseamn\u0103 c\u0103 organismul nu o poate stoca, spre deosebire de al\u021bi nutrien\u021bi. Vitamina C este un antioxidant puternic \u0219i contribuie la func\u021bionarea normal\u0103 a unui num\u0103r de ac\u021biuni pe care le \u00eentreprinde organismul.<\/p>\n<hr \/>\n<h3>CE FACE VITAMINA C?<\/h3>\n<p>Vitamina C contribuie la o diet\u0103 s\u0103n\u0103toas\u0103 \u00een multe feluri. Aceasta include func\u021bionarea normal\u0103 a sistemului imunitar \u00een timpul \u0219i dup\u0103 exerci\u021bii fizice \u0219i func\u021bionarea normal\u0103 a sistemului nervos. Vitamina C contribuie, de asemenea, la formarea colagenului pentru func\u021bionarea normal\u0103 a vaselor de s\u00e2nge, cartilajului, oaselor, gingiilor, pielii \u0219i din\u021bilor. Vitamina C poate contribui, de asemenea, la protejarea celulelor \u00eempotriva stresului oxidativ, la reducerea oboselii \u0219i extenu\u0103rii.<\/p>\n<hr \/>\n<h3>POTRIVIT PENTRU VEGANI<\/h3>\n<p>Acest supliment este potrivit pentru vegani. Este, de asemenea, aprobat kosher \u0219i nu con\u021bine alergeni majori.<\/p>\n<h3>Sfaturi despre produse<\/h3>\n<p>Nu dep\u0103\u0219i doza recomandat\u0103 indicat\u0103. Un supliment alimentar nu ar trebui folosit ca substitut pentru o diet\u0103 variat\u0103 \u0219i echilibrat\u0103 \u0219i un stil de via\u021b\u0103 s\u0103n\u0103tos. P\u0103streaz\u0103-le \u00eentr-un loc r\u0103coros \u0219i uscat, departe de raza \u0219i raza vizual\u0103 a copiilor mici.<\/p>","protected":false},"excerpt":{"rendered":"<ul>\n<li>Are efect antioxidant \u0219i sus\u021bine sistemul imunitar.<\/li>\n<li>Regleaz\u0103 nivelul colesterolului.<\/li>\n<li>Necesar pentru s\u0103n\u0103tatea pielii, gingiilor, oaselor, din\u021bilor \u0219i vaselor de s\u00e2nge.<\/li>\n<li>Cre\u0219te biodisponibilitatea fierului \u00een corpul uman.<\/li>\n<\/ul>\n","protected":false},"featured_media":3754,"comment_status":"open","ping_status":"closed","template":"","meta":[],"product_brand":[],"product_cat":[102,84,68,61,64,42,66,60],"product_tag":[],"class_list":{"0":"post-1453","1":"product","2":"type-product","3":"status-publish","4":"has-post-thumbnail","6":"product_cat-vitamin-c","7":"product_cat-imunitate","8":"product_cat-best-sellers","9":"product_cat-vegan-supplements","10":"product_cat-vitamins","11":"product_cat-daily-packs","12":"product_cat-health-concerns","13":"product_cat-superfoods","15":"first","16":"instock","17":"taxable","18":"shipping-taxable","19":"purchasable","20":"product-type-simple"},"aioseo_notices":[],"_links":{"self":[{"href":"https:\/\/www.vitamineonline.md\/ro\/wp-json\/wp\/v2\/product\/1453","targetHints":{"allow":["GET"]}}],"collection":[{"href":"https:\/\/www.vitamineonline.md\/ro\/wp-json\/wp\/v2\/product"}],"about":[{"href":"https:\/\/www.vitamineonline.md\/ro\/wp-json\/wp\/v2\/types\/product"}],"replies":[{"embeddable":true,"href":"https:\/\/www.vitamineonline.md\/ro\/wp-json\/wp\/v2\/comments?post=1453"}],"wp:featuredmedia":[{"embeddable":true,"href":"https:\/\/www.vitamineonline.md\/ro\/wp-json\/wp\/v2\/media\/3754"}],"wp:attachment":[{"href":"https:\/\/www.vitamineonline.md\/ro\/wp-json\/wp\/v2\/media?parent=1453"}],"wp:term":[{"taxonomy":"product_brand","embeddable":true,"href":"https:\/\/www.vitamineonline.md\/ro\/wp-json\/wp\/v2\/product_brand?post=1453"},{"taxonomy":"product_cat","embeddable":true,"href":"https:\/\/www.vitamineonline.md\/ro\/wp-json\/wp\/v2\/product_cat?post=1453"},{"taxonomy":"product_tag","embeddable":true,"href":"https:\/\/www.vitamineonline.md\/ro\/wp-json\/wp\/v2\/product_tag?post=1453"}],"curies":[{"name":"wp","href":"https:\/\/api.w.org\/{rel}","templated":true}]}}