{"id":1447,"date":"2020-04-18T19:00:25","date_gmt":"2020-04-18T16:00:25","guid":{"rendered":"http:\/\/www.vitamineonline.md\/?post_type=product&#038;p=1447"},"modified":"2026-04-21T22:38:15","modified_gmt":"2026-04-21T19:38:15","slug":"vitamin-v1-tiamin-250-mg-90-kapsul","status":"publish","type":"product","link":"https:\/\/www.vitamineonline.md\/ro\/product\/vitamin-v1-tiamin-250-mg-90-kapsul\/","title":{"rendered":"Vitamina B1 (Tiamin\u0103) 250mg &#8211; 90 capsule"},"content":{"rendered":"<p><\/p>\n<div class=\"item_label\">\n<h3>Ingrediente:<\/h3>\n<table>\n<tbody>\n<tr>\n<td><b>O capsul\u0103 ofer\u0103:<\/b><\/td>\n<td><\/td>\n<td><b>RI%<\/b><\/td>\n<\/tr>\n<tr>\n<td>Vitamina B1 (tiamin\u0103 HCl)<\/td>\n<td>250mg<\/td>\n<td>22,727<\/td>\n<\/tr>\n<tr>\n<td>F\u0103in\u0103 de orez (oryza sativa)<\/td>\n<td>45mg<\/td>\n<td>&#8211;<\/td>\n<\/tr>\n<tr>\n<td>Carcasa capsulei: celuloz\u0103 vegetal\u0103<\/td>\n<td>100mg<\/td>\n<td>&#8211;<\/td>\n<\/tr>\n<\/tbody>\n<\/table>\n<\/div>\n<p class=\"stamp\"><img loading=\"lazy\" decoding=\"async\" src=\"https:\/\/gofenice.live\/gandg\/img\/cms\/Media\/quality_ru.png\" alt=\"\" width=\"180\" height=\"85\" \/>Instruc\u021biuni: Lua\u021bi 1 capsula pe zi cu masa principal\u0103 sau conform indica\u021biilor unui profesionist din domeniul s\u0103n\u0103t\u0103\u021bii. Potrivit pentru vegetarieni.<\/p>\n<p>Tiamina promoveaz\u0103 formarea acidului clorhidric \u00een organism, care este foarte important pentru o digestie corect\u0103.<\/p>\n<p>Tiamina este asociat\u0103 cu gama sa larg\u0103 de beneficii legate de s\u0103n\u0103tatea psihologic\u0103, neurologic\u0103 \u0219i cardiovascular\u0103, precum \u0219i cu func\u021bia metabolic\u0103 de zi cu zi, ajut\u00e2nd la transformarea glucozei \u00een energie.<\/p>\n<p>Este implicat \u00een procesul de hematopoiez\u0103 \u0219i metabolismul carbohidra\u021bilor \u0219i, de asemenea, ajut\u0103 la \u00eembun\u0103t\u0103\u021birea circula\u021biei s\u00e2ngelui.Tiamina \u00eembun\u0103t\u0103\u021be\u0219te eficien\u021ba creierului.<\/p>\n<p>Tiamina \u00eembun\u0103t\u0103\u021be\u0219te capacitatea de \u00eenv\u0103\u021bare, stimuleaz\u0103 cre\u0219terea \u0219i normalizeaz\u0103 apetitul.Vitamina este necesar\u0103 pentru men\u021binerea tonusului muscular al stomacului, inimii \u0219i intestinelor.<\/p>\n<p>Ca antioxidant, tiamina protejeaz\u0103 organismul de efectele d\u0103un\u0103toare ale fumatului, b\u0103uturii \u0219i \u00eemb\u0103tr\u00e2nirii.<\/p>\n<p>Produsul este potrivit pentru vegetarieni.<\/p>\n<p>Alimente bogate \u00een tiamin\u0103: orez brun, g\u0103lbenu\u0219uri de ou, pe\u0219te, ficat, alune, maz\u0103re, carne de porc, orez, t\u0103r\u00e2\u021be.<\/p>\n<p>Consecin\u021bele deficien\u021bei de vitamina B1: beriberi (o boal\u0103 rar\u0103 a sistemului nervos), constipa\u021bie, m\u0103rire a ficatului, oboseal\u0103, uitare, tulbur\u0103ri gastro-intestinale, iritabilitate, dificult\u0103\u021bi de respira\u021bie, pierderea poftei de m\u00e2ncare, nervozitate, sl\u0103biciune \u0219i dureri musculare, sl\u0103biciune general\u0103,\u00a0<span style=\"font-size: 1rem\">pierderi in <\/span><span style=\"font-size: 1rem\">greutate.\u00a0<\/span><\/p>\n<p>Deficitul de vitamina B1 este adesea observat la alcoolici.<\/p>","protected":false},"excerpt":{"rendered":"<ul>\n<li>Cre\u0219te eficien\u021ba creierului.<\/li>\n<li>Promoveaz\u0103 func\u021bionarea normal\u0103 a sistemului psihologic, neurologic \u0219i cardiovascular.<\/li>\n<li>Ajut\u0103 la \u00eembun\u0103t\u0103\u021birea circula\u021biei s\u00e2ngelui, particip\u0103 la procesul de hematopoiez\u0103 \u0219i metabolismul carbohidra\u021bilor.<\/li>\n<li>Protejeaz\u0103 organismul de efectele fumatului \u0219i ale consumului de alcool.<\/li>\n<li>Vitamina B1 este necesar\u0103 pentru procesul de digestie \u0219i normalizeaz\u0103 apetitul.<\/li>\n<\/ul>\n","protected":false},"featured_media":3527,"comment_status":"open","ping_status":"closed","template":"","meta":[],"product_brand":[],"product_cat":[101,109,68,64,60],"product_tag":[],"class_list":{"0":"post-1447","1":"product","2":"type-product","3":"status-publish","4":"has-post-thumbnail","6":"product_cat-vitamin-b","7":"product_cat-b1_tiamin","8":"product_cat-best-sellers","9":"product_cat-vitamins","10":"product_cat-superfoods","12":"first","13":"instock","14":"taxable","15":"shipping-taxable","16":"purchasable","17":"product-type-simple"},"aioseo_notices":[],"_links":{"self":[{"href":"https:\/\/www.vitamineonline.md\/ro\/wp-json\/wp\/v2\/product\/1447","targetHints":{"allow":["GET"]}}],"collection":[{"href":"https:\/\/www.vitamineonline.md\/ro\/wp-json\/wp\/v2\/product"}],"about":[{"href":"https:\/\/www.vitamineonline.md\/ro\/wp-json\/wp\/v2\/types\/product"}],"replies":[{"embeddable":true,"href":"https:\/\/www.vitamineonline.md\/ro\/wp-json\/wp\/v2\/comments?post=1447"}],"wp:featuredmedia":[{"embeddable":true,"href":"https:\/\/www.vitamineonline.md\/ro\/wp-json\/wp\/v2\/media\/3527"}],"wp:attachment":[{"href":"https:\/\/www.vitamineonline.md\/ro\/wp-json\/wp\/v2\/media?parent=1447"}],"wp:term":[{"taxonomy":"product_brand","embeddable":true,"href":"https:\/\/www.vitamineonline.md\/ro\/wp-json\/wp\/v2\/product_brand?post=1447"},{"taxonomy":"product_cat","embeddable":true,"href":"https:\/\/www.vitamineonline.md\/ro\/wp-json\/wp\/v2\/product_cat?post=1447"},{"taxonomy":"product_tag","embeddable":true,"href":"https:\/\/www.vitamineonline.md\/ro\/wp-json\/wp\/v2\/product_tag?post=1447"}],"curies":[{"name":"wp","href":"https:\/\/api.w.org\/{rel}","templated":true}]}}